{"id":8461,"date":"2020-10-16T07:42:04","date_gmt":"2020-10-16T06:42:04","guid":{"rendered":"https:\/\/bagesturisme.cat\/?page_id=8461"},"modified":"2020-10-16T12:15:24","modified_gmt":"2020-10-16T11:15:24","slug":"restaurants_tasta_ajuda_guanya","status":"publish","type":"page","link":"https:\/\/www.bagesturisme.cat\/fr\/restaurants_tasta_ajuda_guanya\/","title":{"rendered":"\u00a0\u00bbTasta, ajuda i guanya!\u00a0\u00bb"},"content":{"rendered":"<p class=\"qtranxs-available-languages-message qtranxs-available-languages-message-fr\">D\u00e9sol\u00e9, cet article est seulement disponible en <a href=\"https:\/\/www.bagesturisme.cat\/ca\/wp-json\/wp\/v2\/pages\/8461\" class=\"qtranxs-available-language-link qtranxs-available-language-link-ca\" title=\"Catal\u00e0\">Catal\u00e0<\/a>.<\/p>","protected":false},"excerpt":{"rendered":"<p>D\u00e9sol\u00e9, cet article est seulement disponible en Catal\u00e0.<\/p>\n","protected":false},"author":3,"featured_media":8470,"parent":0,"menu_order":78,"comment_status":"closed","ping_status":"closed","template":"","meta":{"_acf_changed":false,"_eb_attr":"","footnotes":""},"tags":[],"class_list":["post-8461","page","type-page","status-publish","has-post-thumbnail","hentry"],"acf":[],"_links":{"self":[{"href":"https:\/\/www.bagesturisme.cat\/fr\/wp-json\/wp\/v2\/pages\/8461","targetHints":{"allow":["GET"]}}],"collection":[{"href":"https:\/\/www.bagesturisme.cat\/fr\/wp-json\/wp\/v2\/pages"}],"about":[{"href":"https:\/\/www.bagesturisme.cat\/fr\/wp-json\/wp\/v2\/types\/page"}],"author":[{"embeddable":true,"href":"https:\/\/www.bagesturisme.cat\/fr\/wp-json\/wp\/v2\/users\/3"}],"replies":[{"embeddable":true,"href":"https:\/\/www.bagesturisme.cat\/fr\/wp-json\/wp\/v2\/comments?post=8461"}],"version-history":[{"count":8,"href":"https:\/\/www.bagesturisme.cat\/fr\/wp-json\/wp\/v2\/pages\/8461\/revisions"}],"predecessor-version":[{"id":8474,"href":"https:\/\/www.bagesturisme.cat\/fr\/wp-json\/wp\/v2\/pages\/8461\/revisions\/8474"}],"wp:featuredmedia":[{"embeddable":true,"href":"https:\/\/www.bagesturisme.cat\/fr\/wp-json\/wp\/v2\/media\/8470"}],"wp:attachment":[{"href":"https:\/\/www.bagesturisme.cat\/fr\/wp-json\/wp\/v2\/media?parent=8461"}],"wp:term":[{"taxonomy":"post_tag","embeddable":true,"href":"https:\/\/www.bagesturisme.cat\/fr\/wp-json\/wp\/v2\/tags?post=8461"}],"curies":[{"name":"wp","href":"https:\/\/api.w.org\/{rel}","templated":true}]}}