{"id":16303,"date":"2025-07-23T08:50:43","date_gmt":"2025-07-23T07:50:43","guid":{"rendered":"https:\/\/www.bagesturisme.cat\/?page_id=16303"},"modified":"2025-10-14T10:03:38","modified_gmt":"2025-10-14T09:03:38","slug":"geoparc","status":"publish","type":"page","link":"https:\/\/www.bagesturisme.cat\/fr\/geoparc\/","title":{"rendered":"( Cloned )"},"content":{"rendered":"<p class=\"qtranxs-available-languages-message qtranxs-available-languages-message-fr\">D\u00e9sol\u00e9, cet article est seulement disponible en <a href=\"https:\/\/www.bagesturisme.cat\/ca\/wp-json\/wp\/v2\/pages\/16303\" class=\"qtranxs-available-language-link qtranxs-available-language-link-ca\" title=\"Catal\u00e0\">Catal\u00e0<\/a>.<\/p>","protected":false},"excerpt":{"rendered":"D\u00e9sol\u00e9, cet article est seulement disponible en Catal\u00e0.","protected":false},"author":3,"featured_media":10829,"parent":0,"menu_order":12,"comment_status":"closed","ping_status":"closed","template":"100-width.php","meta":{"_acf_changed":false,"_eb_attr":"","footnotes":""},"tags":[],"class_list":["post-16303","page","type-page","status-publish","has-post-thumbnail","hentry"],"acf":{"galeria":false,"recomanats":false},"_links":{"self":[{"href":"https:\/\/www.bagesturisme.cat\/fr\/wp-json\/wp\/v2\/pages\/16303","targetHints":{"allow":["GET"]}}],"collection":[{"href":"https:\/\/www.bagesturisme.cat\/fr\/wp-json\/wp\/v2\/pages"}],"about":[{"href":"https:\/\/www.bagesturisme.cat\/fr\/wp-json\/wp\/v2\/types\/page"}],"author":[{"embeddable":true,"href":"https:\/\/www.bagesturisme.cat\/fr\/wp-json\/wp\/v2\/users\/3"}],"replies":[{"embeddable":true,"href":"https:\/\/www.bagesturisme.cat\/fr\/wp-json\/wp\/v2\/comments?post=16303"}],"version-history":[{"count":40,"href":"https:\/\/www.bagesturisme.cat\/fr\/wp-json\/wp\/v2\/pages\/16303\/revisions"}],"predecessor-version":[{"id":17183,"href":"https:\/\/www.bagesturisme.cat\/fr\/wp-json\/wp\/v2\/pages\/16303\/revisions\/17183"}],"wp:featuredmedia":[{"embeddable":true,"href":"https:\/\/www.bagesturisme.cat\/fr\/wp-json\/wp\/v2\/media\/10829"}],"wp:attachment":[{"href":"https:\/\/www.bagesturisme.cat\/fr\/wp-json\/wp\/v2\/media?parent=16303"}],"wp:term":[{"taxonomy":"post_tag","embeddable":true,"href":"https:\/\/www.bagesturisme.cat\/fr\/wp-json\/wp\/v2\/tags?post=16303"}],"curies":[{"name":"wp","href":"https:\/\/api.w.org\/{rel}","templated":true}]}}