{"id":14931,"date":"2024-12-04T07:15:42","date_gmt":"2024-12-04T06:15:42","guid":{"rendered":"https:\/\/bagesturisme.cat\/?page_id=14931"},"modified":"2024-12-04T08:14:03","modified_gmt":"2024-12-04T07:14:03","slug":"declaracio-daccessibilitat","status":"publish","type":"page","link":"https:\/\/www.bagesturisme.cat\/fr\/declaracio-daccessibilitat\/","title":{"rendered":"D\u00e9claration provisoire d&rsquo;accessibilit\u00e9 de Bages Turisme"},"content":{"rendered":"<div class=\"wpb-content-wrapper\">[vc_row][vc_column][vc_column_text][\/vc_column_text][\/vc_column][\/vc_row][vc_row][vc_column][vc_column_text][\/vc_column_text][\/vc_column][\/vc_row][vc_row][vc_column][vc_column_text]\n[\/vc_column_text][\/vc_column][\/vc_row][vc_row parallax=\u00a0\u00bbcontent-moving\u00a0\u00bb css_animation=\u00a0\u00bbfadeIn\u00a0\u00bb css=\u00a0\u00bb.vc_custom_1675332140609{margin-right: 5px !important;margin-left: 10px !important;}\u00a0\u00bb][vc_column][vc_column_text css=\u00a0\u00bb\u00a0\u00bb]\n<h1 style=\"text-align: center;\">D\u00e9claration provisoire<\/h1>\n<h1 style=\"text-align: center;\">d&rsquo;accessibilit\u00e9 de Bages Turisme<\/h1>\n[\/vc_column_text][\/vc_column][vc_column][vc_column_text css=\u00a0\u00bb\u00a0\u00bb]Bages Turisme s&rsquo;efforce de rendre accessible son site Internet conform\u00e9ment au <a href=\"https:\/\/www.boe.es\/buscar\/act.php?id=BOE-A-2018-12699\" target=\"_blank\" rel=\"noopener\">d\u00e9cret royal 1112\/2018, du 7 septembre, sur l&rsquo;accessibilit\u00e9 des sites Web et des applications pour appareils mobiles du secteur public<\/a> (ci-apr\u00e8s, d\u00e9cret royal 1112\/2018, du 7 septembre).<\/p>\n<p>Cette clause de non-responsabilit\u00e9 s&rsquo;applique \u00e0 <a href=\"https:\/\/bagesturisme.cat\">https:\/\/bagesturisme.cat<\/a><\/p>\n<p>Le 18 novembre 2024, l&rsquo;audit externe d&rsquo;accessibilit\u00e9 est r\u00e9alis\u00e9 par le <a href=\"https:\/\/www.tothomweb.com\/\" target=\"_blank\" rel=\"noopener\">cabinet de conseil en accessibilit\u00e9 du web TOTHOMweb<\/a>, <strong>une soci\u00e9t\u00e9 d&rsquo;audit accr\u00e9dit\u00e9e par l&rsquo;ENAC (Entidad Nacional de Acreditaci\u00f3n).<\/strong><\/p>\n<p>Les barri\u00e8res d\u00e9tect\u00e9es lors de cet audit seront corrig\u00e9es ult\u00e9rieurement afin que le site Internet soit accessible \u00e0 tous les utilisateurs.<\/p>\n<p><strong>Ce site Web applique les exigences de la norme UNE-EN 301549:2022 en tenant compte des exceptions du RD 1112\/2018.<\/strong>[\/vc_column_text][\/vc_column][\/vc_row][vc_row][vc_column][vc_raw_html css=\u00a0\u00bb\u00a0\u00bb]JTNDc3R5bGUlM0VoMi5zZWN0aW9uLXRpdGxlJTdCZGlzcGxheSUzQW5vbmUlMjAlMjFpbXBvcnRhbnQlM0IlN0QlM0MlMkZzdHlsZSUzRQ==[\/vc_raw_html][\/vc_column][\/vc_row][vc_row][vc_column][vc_column_text]\n[\/vc_column_text][\/vc_column][\/vc_row][vc_row][vc_column][vc_column_text][\/vc_column_text][\/vc_column][\/vc_row][vc_row][vc_column][vc_column_text][\/vc_column_text][\/vc_column][\/vc_row]\n<\/div>","protected":false},"excerpt":{"rendered":"<p>[vc_row][vc_column][vc_column_text][\/vc_column_text][\/vc_column][\/vc_row][vc_row][vc_column][vc_column_text][\/vc_column_text][\/vc_column][\/vc_row][vc_row][vc_column][vc_column_text] [\/vc_column_text][\/vc_column][\/vc_row][vc_row parallax=\u00a0\u00bbcontent-moving\u00a0\u00bb css_animation=\u00a0\u00bbfadeIn\u00a0\u00bb css=\u00a0\u00bb.vc_custom_1675332140609{margin-right: 5px !important;margin-left: 10px !important;}\u00a0\u00bb][vc_column][vc_column_text css=\u00a0\u00bb\u00a0\u00bb] D\u00e9claration provisoire d&rsquo;accessibilit\u00e9 de Bages Turisme [\/vc_column_text][\/vc_column][vc_column][vc_column_text css=\u00a0\u00bb\u00a0\u00bb]Bages Turisme s&rsquo;efforce de rendre accessible son site Internet conform\u00e9ment au d\u00e9cret royal 1112\/2018, du 7 septembre, sur l&rsquo;accessibilit\u00e9 des sites Web et des applications pour appareils mobiles du secteur public (ci-apr\u00e8s, d\u00e9cret royal 1112\/2018, du 7 septembre).  [&#8230;]<\/p>\n","protected":false},"author":3,"featured_media":0,"parent":0,"menu_order":40,"comment_status":"closed","ping_status":"closed","template":"","meta":{"_acf_changed":false,"_eb_attr":"","footnotes":""},"tags":[],"class_list":["post-14931","page","type-page","status-publish","hentry"],"acf":{"galeria":false,"recomanats":false},"_links":{"self":[{"href":"https:\/\/www.bagesturisme.cat\/fr\/wp-json\/wp\/v2\/pages\/14931","targetHints":{"allow":["GET"]}}],"collection":[{"href":"https:\/\/www.bagesturisme.cat\/fr\/wp-json\/wp\/v2\/pages"}],"about":[{"href":"https:\/\/www.bagesturisme.cat\/fr\/wp-json\/wp\/v2\/types\/page"}],"author":[{"embeddable":true,"href":"https:\/\/www.bagesturisme.cat\/fr\/wp-json\/wp\/v2\/users\/3"}],"replies":[{"embeddable":true,"href":"https:\/\/www.bagesturisme.cat\/fr\/wp-json\/wp\/v2\/comments?post=14931"}],"version-history":[{"count":19,"href":"https:\/\/www.bagesturisme.cat\/fr\/wp-json\/wp\/v2\/pages\/14931\/revisions"}],"predecessor-version":[{"id":14954,"href":"https:\/\/www.bagesturisme.cat\/fr\/wp-json\/wp\/v2\/pages\/14931\/revisions\/14954"}],"wp:attachment":[{"href":"https:\/\/www.bagesturisme.cat\/fr\/wp-json\/wp\/v2\/media?parent=14931"}],"wp:term":[{"taxonomy":"post_tag","embeddable":true,"href":"https:\/\/www.bagesturisme.cat\/fr\/wp-json\/wp\/v2\/tags?post=14931"}],"curies":[{"name":"wp","href":"https:\/\/api.w.org\/{rel}","templated":true}]}}