{"id":12426,"date":"2023-01-26T11:13:24","date_gmt":"2023-01-26T10:13:24","guid":{"rendered":"https:\/\/bagesturisme.cat\/nadal-copy-2\/"},"modified":"2025-01-31T15:05:13","modified_gmt":"2025-01-31T14:05:13","slug":"famtrip","status":"publish","type":"page","link":"https:\/\/www.bagesturisme.cat\/fr\/famtrip\/","title":{"rendered":"Copy Copy Copy Copy Copy"},"content":{"rendered":"<div class=\"wpb-content-wrapper\">[vc_row][vc_column][vc_column_text]\r\n\r\n[\/vc_column_text][\/vc_column][\/vc_row][vc_row full_width=\u00a0\u00bbstretch_row_content_no_spaces\u00a0\u00bb content_placement=\u00a0\u00bbmiddle\u00a0\u00bb css_animation=\u00a0\u00bbfadeIn\u00a0\u00bb css=\u00a0\u00bb.vc_custom_1675330960381{margin-top: 0px !important;margin-right: 0px !important;margin-bottom: 0px !important;margin-left: 0px !important;padding-top: 0px !important;padding-right: 0px !important;padding-bottom: 0px !important;padding-left: 0px !important;}\u00a0\u00bb][vc_column parallax=\u00a0\u00bbcontent-moving\u00a0\u00bb css_animation=\u00a0\u00bbfadeIn\u00a0\u00bb css=\u00a0\u00bb.vc_custom_1675331282563{margin-top: -30px !important;}\u00a0\u00bb][vc_single_image image=\u00a0\u00bb13062&Prime; img_size=\u00a0\u00bbfull\u00a0\u00bb alignment=\u00a0\u00bbcenter\u00a0\u00bb css_animation=\u00a0\u00bbfadeIn\u00a0\u00bb css=\u00a0\u00bb\u00a0\u00bb][\/vc_column][\/vc_row][vc_row parallax=\u00a0\u00bbcontent-moving\u00a0\u00bb css_animation=\u00a0\u00bbfadeIn\u00a0\u00bb css=\u00a0\u00bb.vc_custom_1675332140609{margin-right: 5px !important;margin-left: 10px !important;}\u00a0\u00bb][vc_column][vc_column_text css=\u00a0\u00bb\u00a0\u00bb]\r\n<h1 style=\"text-align: center;\">FAMTRIP MICE AL BAGES<\/h1>\r\n<h4 style=\"text-align: center;\">20 de febrer de 2025<\/h4>\r\n[\/vc_column_text][vc_column_text css=\u00a0\u00bb\u00a0\u00bb]\r\n<h4 class=\"fusion-responsive-typography-calculated\" data-fontsize=\"52\" data-lineheight=\"62.4px\"><i>Vine a con\u00e8ixer els espais per a celebrar esdeveniments corporatius al Bages<\/i><\/h4>\r\n<h5 data-fontsize=\"28\" data-lineheight=\"33.6px\"><\/h5>\r\n&nbsp;\r\n<h5 class=\"fusion-responsive-typography-calculated\" data-fontsize=\"28\" data-lineheight=\"33.6px\"><b>Per qu\u00e8 no et pots perdre aquest famtrip?<\/b><\/h5>\r\n<ol>\r\n \t<li>\r\n<div>Perqu\u00e8 tindr\u00e0s l&rsquo;oportunitat de <strong>descobrir espais amb encant <\/strong>per a fer-hi esdeveniments corporatius que possiblement no saps ni que existeixen ben a prop teu.<\/div><\/li>\r\n \t<li>Perqu\u00e8 el Bages compta amb una <strong>ubicaci\u00f3 immillorable al cor de Catalunya<\/strong>, a menys d&rsquo;una hora de Barcelona, a poc m\u00e9s d&rsquo;una hora de Lleida, Tarragona i Girona i a menys de 2 hores d&rsquo;Andorra i els Pirineus.<\/li>\r\n \t<li>Perqu\u00e8 estem conven\u00e7uts que encara <strong>et podem sorprendre<\/strong> i et convidem a celebrar-ho en un <strong>entorn aut\u00e8ntic, rural, allunyat de les aglomeracions, a la falda de Montserrat<\/strong> <strong>i comprom\u00e8s amb la sostenibilitat<\/strong> on fer volar la inspiraci\u00f3 \u00e9s molt m\u00e9s f\u00e0cil!<\/li>\r\n \t<li>Perqu\u00e8 <strong>podr\u00e0s con\u00e8ixer de primera m\u00e0 les persones que hi ha darrera de cada projecte<\/strong> i tenir-ne el contacte perqu\u00e8 puguis comen\u00e7ar a organitzar els teus propers esdeveniments.<\/li>\r\n<\/ol>\r\n<h5 data-fontsize=\"28\" data-lineheight=\"33.6px\"><\/h5>\r\n&nbsp;\r\n<h5 class=\"fusion-responsive-typography-calculated\" data-fontsize=\"28\" data-lineheight=\"33.6px\"><b>A qui va dirigit?<\/b><\/h5>\r\n<ol>\r\n \t<li>\r\n<div>Organitzadors professionals i ag\u00e8ncies d&rsquo;esdeveniments corporatius que busquin ampliar la seva cartera de <em>venues <\/em>i espais per a reunions per als seus clients.<\/div><\/li>\r\n \t<li>Empreses de dins i fora del Bages que busquin espais per a celebrar les seves reunions, presentacions i esdeveniments corporatius.<\/li>\r\n<\/ol>\r\n&nbsp;\r\n<h5 class=\"fusion-responsive-typography-calculated\" data-fontsize=\"28\" data-lineheight=\"33.6px\"><b>Com funciona?<\/b><\/h5>\r\n<ol>\r\n \t<li><strong>Inscriu-te i emplena el formulari per a reservar la teva pla\u00e7a<\/strong>. <span style=\"text-decoration: underline;\">La inscripci\u00f3 implica l&rsquo;assist\u00e8ncia als itineraris escollits.<\/span><\/li>\r\n \t<li>Un cop et confirmem la teva inscripci\u00f3, <strong>t&rsquo;agrairem que et comprometis a assistir.<\/strong><\/li>\r\n \t<li><strong>L&rsquo;inici del Famtrip \u00e9s des de Barcelona<\/strong>, on agafarem un minibus i des de Bages Turisme us acompanyarem durant tot el recorregut.<\/li>\r\n<\/ol>\r\n&nbsp;\r\n<h5 class=\"fusion-responsive-typography-calculated\" data-fontsize=\"28\" data-lineheight=\"33.6px\"><b>A tenir en compte:<\/b><\/h5>\r\n<ul>\r\n \t<li>L&rsquo;itinerari t\u00e9 capacitat per a 20 persones i <strong>tancarem inscripcions dimecres <u>14 de febrer<\/u><\/strong>. Les inscripcions s\u00f3n unipersonals i us podeu inscriure fins a 2 persones de la mateixa empresa.<\/li>\r\n \t<li><strong>La inscripci\u00f3 al famtrip \u00e9s gratu\u00efta<\/strong>, aix\u00ed com el dinar i el transport dels itineraris des de Barcelona, per\u00f2 et demanem si us plau <span style=\"text-decoration: underline;\">m\u00e0xim comprom\u00eds a assistir-hi un cop t&rsquo;hagis inscrit.<\/span><\/li>\r\n \t<li><strong>Agrairem la m\u00e0xima puntualitat per iniciar les visites a l\u2019hora<\/strong> i poder seguir l\u2019itinerari amb \u00e8xit. Aix\u00ed podr\u00e0s fer un tastet de la gran varietat d&rsquo;espais disponibles per a celebrar esdeveniments corporatius al Bages.<\/li>\r\n \t<li>Per qualsevol dubte, podeu enviar-nos un correu a turisme@ccbages.cat, enviar-nos un WhatsApp o trucar-nos al 678 03 11 02.<\/li>\r\n<\/ul>\r\n[\/vc_column_text][\/vc_column][vc_column][vc_separator][vc_column_text]\r\n<h2 style=\"text-align: center;\">L&rsquo;itinerari<\/h2>\r\n[\/vc_column_text][\/vc_column][\/vc_row][vc_row parallax=\u00a0\u00bbcontent-moving\u00a0\u00bb css_animation=\u00a0\u00bbfadeIn\u00a0\u00bb css=\u00a0\u00bb.vc_custom_1675331837624{margin-right: 5px !important;margin-left: 10px !important;}\u00a0\u00bb][vc_column][vc_column_text css=\u00a0\u00bb\u00a0\u00bb]<span style=\"font-weight: 400;\">8.15 Sortida de Barcelona Pla\u00e7a Espanya (Hotel Catalonia Barcelona Plaza)<\/span>\r\n\r\n<span style=\"font-weight: 400;\">9.15 Parada a Manresa Nou Congost (si hi ha assistents de fora de Barcelona)<\/span>\r\n\r\n<span style=\"font-weight: 400;\">9.45 Masia La Garriga de Castelladral, Nav\u00e0s<\/span>\r\n\r\n<span style=\"font-weight: 400;\">11.20 Mas Bosc, Castellnou de Bages<\/span>\r\n\r\n<span style=\"font-weight: 400;\">13.00 Torre Modernista Abadal, Aviny\u00f3<\/span>\r\n\r\n<span style=\"font-weight: 400;\">14.05 Celler Abadal, Aviny\u00f3 (dinar i visita)<\/span>\r\n\r\n<span style=\"font-weight: 400;\">17.00\u00a0 Final del famtrip i tornada a Manresa Nou Congost<\/span>\r\n\r\n18.20 Arribada a Barcelona Pla\u00e7a Espanya (en funci\u00f3 del tr\u00e0nsit)\r\n<p style=\"text-align: center;\"><a href=\"https:\/\/forms.gle\/NE3CUcfJ49WC5P156\" class=\"btn btn-primary btn-md\"> Inscriu-te<\/a>\r\n[\/vc_column_text][vc_text_separator title=\u00a0\u00bbEls venues\u00a0\u00bb color=\u00a0\u00bbpink\u00a0\u00bb css_animation=\u00a0\u00bbfadeIn\u00a0\u00bb css=\u00a0\u00bb\u00a0\u00bb][\/vc_column][\/vc_row][vc_row parallax=\u00a0\u00bbcontent-moving\u00a0\u00bb css_animation=\u00a0\u00bbfadeIn\u00a0\u00bb css=\u00a0\u00bb.vc_custom_1675331875028{margin-right: 5px !important;margin-left: 10px !important;}\u00a0\u00bb][vc_column width=\u00a0\u00bb1\/4&Prime;][vc_column_text css=\u00a0\u00bb\u00a0\u00bb]\r\n\r\n<div class=\"video-shortcode\"><iframe class=\"lazyload\" title=\"La Garriga de Castelladral, un espai per transformar al teu Equip\" width=\"1170\" height=\"658\" src=\"data:image\/svg+xml,%3Csvg%20xmlns%3D%27http%3A%2F%2Fwww.w3.org%2F2000%2Fsvg%27%20width%3D%271170%27%20height%3D%27658%27%20viewBox%3D%270%200%201170%20658%27%3E%3Crect%20width%3D%271170%27%20height%3D%27658%27%20fill-opacity%3D%220%22%2F%3E%3C%2Fsvg%3E\" data-orig-src=\"https:\/\/www.youtube.com\/embed\/e-Se-Ul3ArU?feature=oembed\" frameborder=\"0\" allow=\"accelerometer; autoplay; clipboard-write; encrypted-media; gyroscope; picture-in-picture; web-share\" referrerpolicy=\"strict-origin-when-cross-origin\" allowfullscreen><\/iframe><\/div>\r\n<h3><strong>MASIA LA GARRIGA DE CASTELLADRAL\u00a0<\/strong><\/h3>\r\n<strong><i><span style=\"font-weight: 400;\">[vc_btn title=\u00a0\u00bb\u00a0\u00bb style=\u00a0\u00bbflat\u00a0\u00bb color=\u00a0\u00bbpink\u00a0\u00bb\u00a0 i_icon_fontawesome=\u00a0\u00bbfab fa-instagram\u00a0\u00bb css_animation=\u00a0\u00bbbottom-to-top\u00a0\u00bb css=\u00a0\u00bb\u00a0\u00bb add_icon=\u00a0\u00bbtrue\u00a0\u00bb link=\u00a0\u00bburl:http%3A%2F%2Finstagram.com%2Fmasialagarriga|target:_blank\u00a0\u00bb]\u00a0<\/span><\/i><\/strong>\r\n\r\n<em>Nav\u00e0s &#8211; ubicaci\u00f3\u00a0<\/em>\r\n\r\n<i><span style=\"font-weight: 400;\">\u201cLa natura ens connecta i la Garriga \u00e9s un indret per connectar el teu equip\u201d.\u00a0 <\/span><\/i><span style=\"font-weight: 400;\">Aquesta masia catalana del s. XII convertida en un preci\u00f3s ECO Hotel amb encant es troba en un entorn privilegiat en plena natura, amb unes vistes espectaculars a Montserrat i gran diversitat d\u2019espais interiors i exteriors per a celebrar-hi esdeveniments corporatius de tota mena. Gaudeix d&rsquo;un bany de bosc, dorm entre pedres plenes d&rsquo;hist\u00f2ria, assaboreix la deliciosa mel de les seves abelles, respira profundament, esmorza el pa ecol\u00f2gic acabat de coure, celebra la vida, banya&rsquo;t en un SPA on antigament es produ\u00efa vi, atura\u2019t i escolta el silenci. Torna a la Natura.<\/span>\r\n\r\n<em>Empresa amb certificat Biosphere Sustainable Lifestyle.<\/em>\r\n<p style=\"text-align: center;\"><a href=\"https:\/\/www.masialagarriga.com\/ca\/\" class=\"btn btn-primary btn-md\"> M\u00e9s info<\/a>\r\n[\/vc_column_text][\/vc_column][vc_column width=\u00a0\u00bb1\/4&Prime;][vc_column_text css=\u00a0\u00bb\u00a0\u00bb]<img decoding=\"async\" class=\"lazyload alignnone wp-image-15016 size-medium\" src=\"https:\/\/bagesturisme.cat\/wp-content\/uploads\/2025\/01\/001-MASBOSC-mariapujol-2-1-599x400.jpg\" data-orig-src=\"https:\/\/bagesturisme.cat\/wp-content\/uploads\/2025\/01\/001-MASBOSC-mariapujol-2-1-599x400.jpg\" alt=\"\" width=\"599\" height=\"400\" srcset=\"data:image\/svg+xml,%3Csvg%20xmlns%3D%27http%3A%2F%2Fwww.w3.org%2F2000%2Fsvg%27%20width%3D%27599%27%20height%3D%27400%27%20viewBox%3D%270%200%20599%20400%27%3E%3Crect%20width%3D%27599%27%20height%3D%27400%27%20fill-opacity%3D%220%22%2F%3E%3C%2Fsvg%3E\" data-srcset=\"https:\/\/www.bagesturisme.cat\/wp-content\/uploads\/2025\/01\/001-MASBOSC-mariapujol-2-1-599x400.jpg 599w, https:\/\/www.bagesturisme.cat\/wp-content\/uploads\/2025\/01\/001-MASBOSC-mariapujol-2-1-768x513.jpg 768w, https:\/\/www.bagesturisme.cat\/wp-content\/uploads\/2025\/01\/001-MASBOSC-mariapujol-2-1-1280x855.jpg 1280w, https:\/\/www.bagesturisme.cat\/wp-content\/uploads\/2025\/01\/001-MASBOSC-mariapujol-2-1-1536x1025.jpg 1536w, https:\/\/www.bagesturisme.cat\/wp-content\/uploads\/2025\/01\/001-MASBOSC-mariapujol-2-1-scaled.jpg 2560w\" data-sizes=\"auto\" data-orig-sizes=\"(max-width: 599px) 100vw, 599px\" \/>\r\n<h3><strong>MAS BOSC\u00a0<\/strong><\/h3>\r\n<strong><i><span style=\"font-weight: 400;\">[vc_btn title=\u00a0\u00bb\u00a0\u00bb style=\u00a0\u00bbflat\u00a0\u00bb color=\u00a0\u00bbpink\u00a0\u00bb\u00a0 i_icon_fontawesome=\u00a0\u00bbfab fa-instagram\u00a0\u00bb css_animation=\u00a0\u00bbbottom-to-top\u00a0\u00bb css=\u00a0\u00bb\u00a0\u00bb add_icon=\u00a0\u00bbtrue\u00a0\u00bb link=\u00a0\u00bburl:http%3A%2F%2Finstagram.com%2Fmasbosc|target:_blank\u00a0\u00bb]\u00a0<\/span><\/i><\/strong>\r\n\r\n<em>Castellnou de Bages- ubicaci\u00f3\u00a0<\/em>\r\n\r\n<span style=\"font-weight: 400;\">All\u00e0 on el sol es pon, envoltats de natura i silenci, trobareu Mas Bosc. Calma, hist\u00f2ria i naturalesa buc\u00f2lica. Aquesta masia disposa de diferents espais d\u2019estil r\u00fastic-modern interiors, grans espais exteriors amb vistes privilegiades i 7 habitacions per allargar els vostres esdeveniments d\u2019empresa.\u00a0<\/span>\r\n<p style=\"text-align: center;\"><a href=\"https:\/\/www.masbosc.com\" class=\"btn btn-primary btn-md\"> M\u00e9s info<\/a>\r\n[\/vc_column_text][\/vc_column][vc_column width=\u00a0\u00bb1\/4&Prime;][vc_column_text css=\u00a0\u00bb\u00a0\u00bb]<img decoding=\"async\" class=\"lazyload alignnone wp-image-14272 size-medium\" src=\"https:\/\/bagesturisme.cat\/wp-content\/uploads\/2024\/06\/Salon-Torre-abadal-600x400.jpg\" data-orig-src=\"https:\/\/bagesturisme.cat\/wp-content\/uploads\/2024\/06\/Salon-Torre-abadal-600x400.jpg\" alt=\"\" width=\"600\" height=\"400\" srcset=\"data:image\/svg+xml,%3Csvg%20xmlns%3D%27http%3A%2F%2Fwww.w3.org%2F2000%2Fsvg%27%20width%3D%27600%27%20height%3D%27400%27%20viewBox%3D%270%200%20600%20400%27%3E%3Crect%20width%3D%27600%27%20height%3D%27400%27%20fill-opacity%3D%220%22%2F%3E%3C%2Fsvg%3E\" data-srcset=\"https:\/\/www.bagesturisme.cat\/wp-content\/uploads\/2024\/06\/Salon-Torre-abadal-600x400.jpg 600w, https:\/\/www.bagesturisme.cat\/wp-content\/uploads\/2024\/06\/Salon-Torre-abadal-768x512.jpg 768w, https:\/\/www.bagesturisme.cat\/wp-content\/uploads\/2024\/06\/Salon-Torre-abadal-1280x854.jpg 1280w, https:\/\/www.bagesturisme.cat\/wp-content\/uploads\/2024\/06\/Salon-Torre-abadal-1536x1024.jpg 1536w, https:\/\/www.bagesturisme.cat\/wp-content\/uploads\/2024\/06\/Salon-Torre-abadal.jpg 2560w\" data-sizes=\"auto\" data-orig-sizes=\"(max-width: 600px) 100vw, 600px\" \/>\r\n<h3><strong>TORRE MODERNISTA ABADAL\u00a0<\/strong><\/h3>\r\n<strong><i><span style=\"font-weight: 400;\">[vc_btn title=\u00a0\u00bb\u00a0\u00bb style=\u00a0\u00bbflat\u00a0\u00bb color=\u00a0\u00bbpink\u00a0\u00bb\u00a0 i_icon_fontawesome=\u00a0\u00bbfab fa-instagram\u00a0\u00bb css_animation=\u00a0\u00bbbottom-to-top\u00a0\u00bb css=\u00a0\u00bb\u00a0\u00bb add_icon=\u00a0\u00bbtrue\u00a0\u00bb link=\u00a0\u00bburl:http%3A%2F%2Finstagram.com%2Ftorre.abadal|target:_blank\u00a0\u00bb]\u00a0<\/span><\/i><\/strong>\r\n\r\n<em>Aviny\u00f3 &#8211; ubicaci\u00f3\u00a0<\/em>\r\n\r\n<span style=\"font-weight: 400;\">Aquesta casa modernista de principis del segle XX \u00e9s un espai d\u2019all\u00f2 m\u00e9s singular que ofereix la versatilitat tant d&rsquo;interiors com d&rsquo;exteriors per a qualsevol tipus d&rsquo;esdeveniment. Les sales modernistes o els jardins id\u00edl\u00b7lics permeten dissenyar i construir el vostre esdeveniment perfecte on la hist\u00f2ria, l\u2019art i la privacitat es fusionen en un sol indret. Un espai ideal tamb\u00e9 per a shootings de moda, presentacions de producte, gravacions i sopar d\u2019espectacle tem\u00e0tics: des de l&rsquo;eleg\u00e0ncia dels anys 20 fins a xous de cabaret o sopars de m\u00e0scara. Et convidem a viure un viatge a un m\u00f3n de fantasia i encant.<\/span>\r\n\r\n<a href=\"https:\/\/www.torreabadal.com\" class=\"btn btn-primary btn-md\"> M\u00e9s info<\/a>[\/vc_column_text][\/vc_column][vc_column width=\u00a0\u00bb1\/4&Prime;][vc_column_text css=\u00a0\u00bb\u00a0\u00bb]<img decoding=\"async\" class=\"lazyload alignnone wp-image-10464 size-medium\" src=\"https:\/\/bagesturisme.cat\/wp-content\/uploads\/2021\/09\/Vinya-Abadal-599x400.jpg\" data-orig-src=\"https:\/\/bagesturisme.cat\/wp-content\/uploads\/2021\/09\/Vinya-Abadal-599x400.jpg\" alt=\"\" width=\"599\" height=\"400\" srcset=\"data:image\/svg+xml,%3Csvg%20xmlns%3D%27http%3A%2F%2Fwww.w3.org%2F2000%2Fsvg%27%20width%3D%27599%27%20height%3D%27400%27%20viewBox%3D%270%200%20599%20400%27%3E%3Crect%20width%3D%27599%27%20height%3D%27400%27%20fill-opacity%3D%220%22%2F%3E%3C%2Fsvg%3E\" data-srcset=\"https:\/\/www.bagesturisme.cat\/wp-content\/uploads\/2021\/09\/Vinya-Abadal-599x400.jpg 599w, https:\/\/www.bagesturisme.cat\/wp-content\/uploads\/2021\/09\/Vinya-Abadal-768x513.jpg 768w, https:\/\/www.bagesturisme.cat\/wp-content\/uploads\/2021\/09\/Vinya-Abadal-1280x854.jpg 1280w, https:\/\/www.bagesturisme.cat\/wp-content\/uploads\/2021\/09\/Vinya-Abadal-1536x1025.jpg 1536w, https:\/\/www.bagesturisme.cat\/wp-content\/uploads\/2021\/09\/Vinya-Abadal-scaled.jpg 2560w\" data-sizes=\"auto\" data-orig-sizes=\"(max-width: 599px) 100vw, 599px\" \/>\r\n<h3><strong>CELLER ABADAL\u00a0<\/strong><\/h3>\r\n<strong><i><span style=\"font-weight: 400;\">[vc_btn title=\u00a0\u00bb\u00a0\u00bb style=\u00a0\u00bbflat\u00a0\u00bb color=\u00a0\u00bbpink\u00a0\u00bb\u00a0 i_icon_fontawesome=\u00a0\u00bbfab fa-instagram\u00a0\u00bb css_animation=\u00a0\u00bbbottom-to-top\u00a0\u00bb css=\u00a0\u00bb\u00a0\u00bb add_icon=\u00a0\u00bbtrue\u00a0\u00bb link=\u00a0\u00bburl:http%3A%2F%2Finstagram.com%2Fvinsabadal|target:_blank\u00a0\u00bb]\u00a0<\/span><\/i><\/strong>\r\n\r\n<em>Aviny\u00f3- ubicaci\u00f3\u00a0<\/em>\r\n\r\n<span style=\"font-weight: 400;\">Abadal, un celler familiar centenari, \u00e9s un dels grans referents en enoturisme premium de Catalunya i disposa d\u2019una oferta de propostes molt diversa i vinculada al territori. Visitarem la finca, la masia del s. XII, els espais per a esdeveniments i coneixerem les diverses activitats enotur\u00edstiques que ofereixen per a grups d\u2019incentius i esdeveniments corporatius.\u00a0<\/span>\r\n\r\n<em>Empresa amb certificat Biosphere Sustainable Lifestyle.<\/em>\r\n\r\n<em>Ruta del vi DO Pla de Bages<\/em>\r\n\r\n<a href=\"https:\/\/abadal.net\" class=\"btn btn-primary btn-md\"> M\u00e9s info<\/a>[\/vc_column_text][\/vc_column][\/vc_row][vc_row full_width=\u00a0\u00bbstretch_row_content\u00a0\u00bb css=\u00a0\u00bb.vc_custom_1616763033326{padding-top: 30px !important;padding-right: 40px !important;padding-bottom: 30px !important;padding-left: 40px !important;background-color: #ffffff !important;}\u00a0\u00bb][vc_column width=\u00a0\u00bb1\/3&Prime;][vc_btn title=\u00a0\u00bbDescarrega&rsquo;t la Meeting Planner Guide del Bages\u00a0\u00bb style=\u00a0\u00bbflat\u00a0\u00bb color=\u00a0\u00bbpink\u00a0\u00bb align=\u00a0\u00bbcenter\u00a0\u00bb i_icon_fontawesome=\u00a0\u00bbfas fa-cloud-download-alt\u00a0\u00bb css_animation=\u00a0\u00bbbottom-to-top\u00a0\u00bb add_icon=\u00a0\u00bbtrue\u00a0\u00bb link=\u00a0\u00bburl:https%3A%2F%2Fbagesturisme.cat%2Fwp-content%2Fuploads%2F2022%2F03%2FBages_turisme-de-reunions_CAT_OK-1.pdf|target:_blank\u00a0\u00bb][\/vc_column][vc_column width=\u00a0\u00bb1\/3&Prime;][vc_btn title=\u00a0\u00bbSegueix-nos!\u00a0\u00bb style=\u00a0\u00bbflat\u00a0\u00bb color=\u00a0\u00bbpink\u00a0\u00bb align=\u00a0\u00bbcenter\u00a0\u00bb i_icon_fontawesome=\u00a0\u00bbfab fa-instagram\u00a0\u00bb css_animation=\u00a0\u00bbbottom-to-top\u00a0\u00bb add_icon=\u00a0\u00bbtrue\u00a0\u00bb link=\u00a0\u00bburl:http%3A%2F%2Finstagram.com%2Fbagesturisme|target:_blank\u00a0\u00bb][\/vc_column][vc_column width=\u00a0\u00bb1\/3&Prime;][vc_btn title=\u00a0\u00bbSubscriu-te al butllet\u00ed!\u00a0\u00bb style=\u00a0\u00bbflat\u00a0\u00bb color=\u00a0\u00bbpink\u00a0\u00bb align=\u00a0\u00bbcenter\u00a0\u00bb i_icon_fontawesome=\u00a0\u00bbfas fa-envelope\u00a0\u00bb css_animation=\u00a0\u00bbbottom-to-top\u00a0\u00bb add_icon=\u00a0\u00bbtrue\u00a0\u00bb link=\u00a0\u00bburl:https%3A%2F%2Fmailchi.mp%2Fa59c34dec874%2Fnewsletter-bages-turisme\u00a0\u00bb][\/vc_column][vc_column][vc_separator][\/vc_column][\/vc_row][vc_row full_width=\u00a0\u00bbstretch_row_content\u00a0\u00bb css=\u00a0\u00bb.vc_custom_1616763033326{padding-top: 30px !important;padding-right: 40px !important;padding-bottom: 30px !important;padding-left: 40px !important;background-color: #ffffff !important;}\u00a0\u00bb][vc_column][vc_column_text]\r\n<h1 style=\"text-align: center;\">Tots els camins et porten al Bages<\/h1>\r\n[\/vc_column_text][vc_row_inner][vc_column_inner][vc_single_image image=\u00a0\u00bb9557&Prime; img_size=\u00a0\u00bbfull\u00a0\u00bb alignment=\u00a0\u00bbcenter\u00a0\u00bb][\/vc_column_inner][\/vc_row_inner][\/vc_column][\/vc_row][vc_row][vc_column][vc_gmaps link=\u00a0\u00bb#E-8_JTNDaWZyYW1lJTIwc3JjJTNEJTIyaHR0cHMlM0ElMkYlMkZ3d3cuZ29vZ2xlLmNvbSUyRm1hcHMlMkZkJTJGdSUyRjAlMkZlbWJlZCUzRm1pZCUzRDE2dE55QjBlVkZYX2dUS2RzY0t4SEVLU0tNNGd3STFoZSUyMiUyMHdpZHRoJTNEJTIyNjQwJTIyJTIwaGVpZ2h0JTNEJTIyNDgwJTIyJTNFJTNDJTJGaWZyYW1lJTNF\u00a0\u00bb title=\u00a0\u00bbEl Bages\u00a0\u00bb][\/vc_column][\/vc_row][vc_row css=\u00a0\u00bb.vc_custom_1675406677116{padding-right: 5px !important;padding-left: 10px !important;}\u00a0\u00bb][vc_column width=\u00a0\u00bb1\/2&Prime;][vc_video link=\u00a0\u00bbhttps:\/\/youtu.be\/iIo7USnbveg\u00a0\u00bb][vc_column_text]<!-- \/wp:fl-builder\/layout -->[\/vc_column_text][\/vc_column][vc_column width=\u00a0\u00bb1\/2&Prime;][vc_column_text css=\u00a0\u00bb.vc_custom_1675333307273{padding-top: 60px !important;padding-bottom: 60px !important;}\u00a0\u00bb]<i><span style=\"font-weight: 400;\">A tocar de les principals ciutats de Catalunya, hi ha guardat un gran secret. Amb la cara nord de Montserrat com a protagonista, el Bages \u00e9s un joia rural amagada; un indret allunyat de les aglomeracions i desconegut per molts, que sorpr\u00e8n per la seva autenticitat i car\u00e0cter.\u00a0<\/span><\/i>\r\n\r\n<i><span style=\"font-weight: 400;\">Visitar aquest territori \u00e9s tamb\u00e9 trepitjar el terra d\u2019un mar interior que va existir fa m\u00e9s de 40 milions d\u2019anys i que va desapar\u00e8ixer amb l\u2019aixecament dels Pirineus. Aquest antic mar declarat Geoparc Mundial UNESCO de la Catalunya Central ens ha deixat en her\u00e8ncia un ric patrimoni natural i geol\u00f2gic \u00fanic, que ha forjat paisatges de bosc i vinya incre\u00efbles, pobles on el temps s\u2019hi atura, cultura, tradicions i una oferta enogastron\u00f2mica per seduir els sentits.\u00a0<\/span><\/i>\r\n\r\n<strong><em>El Bages, viu el plaer de descobrir-lo!<\/em><\/strong>[\/vc_column_text][\/vc_column][\/vc_row][vc_row][vc_column][vc_column_text]\r\n\r\n[\/vc_column_text][\/vc_column][\/vc_row]<!-- \/wp:freeform --><\/div>","protected":false},"excerpt":{"rendered":"<p>[vc_row][vc_column][vc_column_text] [\/vc_column_text][\/vc_column][\/vc_row][vc_row full_width=\u00a0\u00bbstretch_row_content_no_spaces\u00a0\u00bb content_placement=\u00a0\u00bbmiddle\u00a0\u00bb css_animation=\u00a0\u00bbfadeIn\u00a0\u00bb css=\u00a0\u00bb.vc_custom_1675330960381{margin-top: 0px !important;margin-right: 0px !important;margin-bottom: 0px !important;margin-left: 0px !important;padding-top: 0px !important;padding-right: 0px !important;padding-bottom: 0px !important;padding-left: 0px !important;}\u00a0\u00bb][vc_column parallax=\u00a0\u00bbcontent-moving\u00a0\u00bb css_animation=\u00a0\u00bbfadeIn\u00a0\u00bb css=\u00a0\u00bb.vc_custom_1675331282563{margin-top: -30px !important;}\u00a0\u00bb][vc_single_image image=\u00a0\u00bb13062&Prime; img_size=\u00a0\u00bbfull\u00a0\u00bb alignment=\u00a0\u00bbcenter\u00a0\u00bb css_animation=\u00a0\u00bbfadeIn\u00a0\u00bb css=\u00a0\u00bb\u00a0\u00bb][\/vc_column][\/vc_row][vc_row parallax=\u00a0\u00bbcontent-moving\u00a0\u00bb css_animation=\u00a0\u00bbfadeIn\u00a0\u00bb css=\u00a0\u00bb.vc_custom_1675332140609{margin-right: 5px !important;margin-left: 10px !important;}\u00a0\u00bb][vc_column][vc_column_text css=\u00a0\u00bb\u00a0\u00bb] FAMTRIP MICE AL BAGES 20 de febrer de 2025 [\/vc_column_text][vc_column_text css=\u00a0\u00bb\u00a0\u00bb] Vine a con\u00e8ixer els  [&#8230;]<\/p>\n","protected":false},"author":3,"featured_media":15029,"parent":0,"menu_order":53,"comment_status":"closed","ping_status":"closed","template":"landing.php","meta":{"_acf_changed":false,"_eb_attr":"","footnotes":""},"tags":[],"class_list":["post-12426","page","type-page","status-publish","has-post-thumbnail","hentry"],"acf":[],"_links":{"self":[{"href":"https:\/\/www.bagesturisme.cat\/fr\/wp-json\/wp\/v2\/pages\/12426","targetHints":{"allow":["GET"]}}],"collection":[{"href":"https:\/\/www.bagesturisme.cat\/fr\/wp-json\/wp\/v2\/pages"}],"about":[{"href":"https:\/\/www.bagesturisme.cat\/fr\/wp-json\/wp\/v2\/types\/page"}],"author":[{"embeddable":true,"href":"https:\/\/www.bagesturisme.cat\/fr\/wp-json\/wp\/v2\/users\/3"}],"replies":[{"embeddable":true,"href":"https:\/\/www.bagesturisme.cat\/fr\/wp-json\/wp\/v2\/comments?post=12426"}],"version-history":[{"count":88,"href":"https:\/\/www.bagesturisme.cat\/fr\/wp-json\/wp\/v2\/pages\/12426\/revisions"}],"predecessor-version":[{"id":15134,"href":"https:\/\/www.bagesturisme.cat\/fr\/wp-json\/wp\/v2\/pages\/12426\/revisions\/15134"}],"wp:featuredmedia":[{"embeddable":true,"href":"https:\/\/www.bagesturisme.cat\/fr\/wp-json\/wp\/v2\/media\/15029"}],"wp:attachment":[{"href":"https:\/\/www.bagesturisme.cat\/fr\/wp-json\/wp\/v2\/media?parent=12426"}],"wp:term":[{"taxonomy":"post_tag","embeddable":true,"href":"https:\/\/www.bagesturisme.cat\/fr\/wp-json\/wp\/v2\/tags?post=12426"}],"curies":[{"name":"wp","href":"https:\/\/api.w.org\/{rel}","templated":true}]}}