{"id":814,"date":"2017-02-14T16:15:56","date_gmt":"2017-02-14T15:15:56","guid":{"rendered":"https:\/\/bagesturisme.cat\/?page_id=814"},"modified":"2026-03-05T14:54:17","modified_gmt":"2026-03-05T13:54:17","slug":"surt-al-web","status":"publish","type":"page","link":"https:\/\/www.bagesturisme.cat\/es\/surt-al-web\/","title":{"rendered":"Env\u00edanos contenido"},"content":{"rendered":"<p class=\"qtranxs-available-languages-message qtranxs-available-languages-message-es\">Disculpa, pero esta entrada est\u00e1 disponible s\u00f3lo en <a href=\"https:\/\/www.bagesturisme.cat\/ca\/wp-json\/wp\/v2\/pages\/814\" class=\"qtranxs-available-language-link qtranxs-available-language-link-ca\" title=\"Catal\u00e0\">Catal\u00e0<\/a>.<\/p>","protected":false},"excerpt":{"rendered":"Disculpa, pero esta entrada est\u00e1 disponible s\u00f3lo en Catal\u00e0.","protected":false},"author":1,"featured_media":0,"parent":0,"menu_order":90,"comment_status":"closed","ping_status":"closed","template":"","meta":{"_acf_changed":false,"_eb_attr":"","footnotes":""},"tags":[],"class_list":["post-814","page","type-page","status-publish","hentry"],"acf":[],"_links":{"self":[{"href":"https:\/\/www.bagesturisme.cat\/es\/wp-json\/wp\/v2\/pages\/814","targetHints":{"allow":["GET"]}}],"collection":[{"href":"https:\/\/www.bagesturisme.cat\/es\/wp-json\/wp\/v2\/pages"}],"about":[{"href":"https:\/\/www.bagesturisme.cat\/es\/wp-json\/wp\/v2\/types\/page"}],"author":[{"embeddable":true,"href":"https:\/\/www.bagesturisme.cat\/es\/wp-json\/wp\/v2\/users\/1"}],"replies":[{"embeddable":true,"href":"https:\/\/www.bagesturisme.cat\/es\/wp-json\/wp\/v2\/comments?post=814"}],"version-history":[{"count":10,"href":"https:\/\/www.bagesturisme.cat\/es\/wp-json\/wp\/v2\/pages\/814\/revisions"}],"predecessor-version":[{"id":17635,"href":"https:\/\/www.bagesturisme.cat\/es\/wp-json\/wp\/v2\/pages\/814\/revisions\/17635"}],"wp:attachment":[{"href":"https:\/\/www.bagesturisme.cat\/es\/wp-json\/wp\/v2\/media?parent=814"}],"wp:term":[{"taxonomy":"post_tag","embeddable":true,"href":"https:\/\/www.bagesturisme.cat\/es\/wp-json\/wp\/v2\/tags?post=814"}],"curies":[{"name":"wp","href":"https:\/\/api.w.org\/{rel}","templated":true}]}}