{"id":16505,"date":"2025-07-24T11:37:42","date_gmt":"2025-07-24T10:37:42","guid":{"rendered":"https:\/\/www.bagesturisme.cat\/?page_id=16505"},"modified":"2025-07-25T11:06:41","modified_gmt":"2025-07-25T10:06:41","slug":"productes-i-productors","status":"publish","type":"page","link":"https:\/\/www.bagesturisme.cat\/es\/productes-i-productors\/","title":{"rendered":"( Cloned ) ( Cloned )"},"content":{"rendered":"<div class=\"fusion-fullwidth fullwidth-box fusion-builder-row-5 fusion-flex-container nonhundred-percent-fullwidth non-hundred-percent-height-scrolling\" style=\"--awb-border-radius-top-left:0px;--awb-border-radius-top-right:0px;--awb-border-radius-bottom-right:0px;--awb-border-radius-bottom-left:0px;--awb-flex-wrap:wrap;\" ><div class=\"fusion-builder-row fusion-row fusion-flex-align-items-flex-start fusion-flex-content-wrap\" style=\"max-width:1216.8px;margin-left: calc(-4% \/ 2 );margin-right: calc(-4% \/ 2 );\"><div class=\"fusion-layout-column fusion_builder_column fusion-builder-column-4 fusion_builder_column_1_1 1_1 fusion-flex-column\" style=\"--awb-bg-size:cover;--awb-width-large:100%;--awb-margin-top-large:0px;--awb-spacing-right-large:1.92%;--awb-margin-bottom-large:0px;--awb-spacing-left-large:1.92%;--awb-width-medium:100%;--awb-spacing-right-medium:1.92%;--awb-spacing-left-medium:1.92%;--awb-width-small:100%;--awb-spacing-right-small:1.92%;--awb-spacing-left-small:1.92%;\"><div class=\"fusion-column-wrapper fusion-flex-justify-content-flex-start fusion-content-layout-column\"><div class=\"fusion-text fusion-text-2\"><\/div><\/div><\/div><\/div><\/div>","protected":false},"excerpt":{"rendered":"Disculpa, pero esta entrada est\u00e1 disponible s\u00f3lo en Catal\u00e0.","protected":false},"author":3,"featured_media":3103,"parent":0,"menu_order":3,"comment_status":"closed","ping_status":"closed","template":"100-width.php","meta":{"_acf_changed":false,"_eb_attr":"","footnotes":""},"tags":[],"class_list":["post-16505","page","type-page","status-publish","has-post-thumbnail","hentry"],"acf":[],"_links":{"self":[{"href":"https:\/\/www.bagesturisme.cat\/es\/wp-json\/wp\/v2\/pages\/16505","targetHints":{"allow":["GET"]}}],"collection":[{"href":"https:\/\/www.bagesturisme.cat\/es\/wp-json\/wp\/v2\/pages"}],"about":[{"href":"https:\/\/www.bagesturisme.cat\/es\/wp-json\/wp\/v2\/types\/page"}],"author":[{"embeddable":true,"href":"https:\/\/www.bagesturisme.cat\/es\/wp-json\/wp\/v2\/users\/3"}],"replies":[{"embeddable":true,"href":"https:\/\/www.bagesturisme.cat\/es\/wp-json\/wp\/v2\/comments?post=16505"}],"version-history":[{"count":9,"href":"https:\/\/www.bagesturisme.cat\/es\/wp-json\/wp\/v2\/pages\/16505\/revisions"}],"predecessor-version":[{"id":16648,"href":"https:\/\/www.bagesturisme.cat\/es\/wp-json\/wp\/v2\/pages\/16505\/revisions\/16648"}],"wp:featuredmedia":[{"embeddable":true,"href":"https:\/\/www.bagesturisme.cat\/es\/wp-json\/wp\/v2\/media\/3103"}],"wp:attachment":[{"href":"https:\/\/www.bagesturisme.cat\/es\/wp-json\/wp\/v2\/media?parent=16505"}],"wp:term":[{"taxonomy":"post_tag","embeddable":true,"href":"https:\/\/www.bagesturisme.cat\/es\/wp-json\/wp\/v2\/tags?post=16505"}],"curies":[{"name":"wp","href":"https:\/\/api.w.org\/{rel}","templated":true}]}}