{"id":14497,"date":"2024-07-25T10:27:45","date_gmt":"2024-07-25T09:27:45","guid":{"rendered":"https:\/\/bagesturisme.cat\/famtrip-copy\/"},"modified":"2025-05-08T13:30:39","modified_gmt":"2025-05-08T12:30:39","slug":"coses-bones-del-bages","status":"publish","type":"page","link":"https:\/\/www.bagesturisme.cat\/es\/coses-bones-del-bages\/","title":{"rendered":"Copy Copy Copy Copy Copy Copy"},"content":{"rendered":"<div class=\"wpb-content-wrapper\">[vc_row][vc_column][vc_column_text][\/vc_column_text][\/vc_column][\/vc_row][vc_row full_width=\u00bbstretch_row_content_no_spaces\u00bb content_placement=\u00bbmiddle\u00bb css_animation=\u00bbfadeIn\u00bb css=\u00bb.vc_custom_1675330960381{margin-top: 0px !important;margin-right: 0px !important;margin-bottom: 0px !important;margin-left: 0px !important;padding-top: 0px !important;padding-right: 0px !important;padding-bottom: 0px !important;padding-left: 0px !important;}\u00bb][vc_column parallax=\u00bbcontent-moving\u00bb css_animation=\u00bbfadeIn\u00bb css=\u00bb.vc_custom_1675331282563{margin-top: -30px !important;}\u00bb][vc_single_image image=\u00bb14498&#8243; img_size=\u00bbfull\u00bb alignment=\u00bbcenter\u00bb css_animation=\u00bbfadeIn\u00bb css=\u00bb\u00bb][\/vc_column][\/vc_row][vc_row parallax=\u00bbcontent-moving\u00bb css_animation=\u00bbfadeIn\u00bb css=\u00bb.vc_custom_1675332140609{margin-right: 5px !important;margin-left: 10px !important;}\u00bb][vc_column][vc_column_text css=\u00bb\u00bb]\n<h1 style=\"text-align: center;\">\u00c9S TEMPS DE TOM\u00c0QUETS I ALBERG\u00cdNIA BLANCA DEL BAGES<\/h1>\n[\/vc_column_text][\/vc_column][vc_column][vc_column_text css=\u00bb\u00bb]Tens ganes de tastar tom\u00e0quets del Bages i alberg\u00ednia blanca? Els restaurants de la comarca t&#8217;esperen amb plats gastron\u00f2mics deliciosos![\/vc_column_text][\/vc_column][\/vc_row][vc_row parallax=\u00bbcontent-moving\u00bb css_animation=\u00bbfadeIn\u00bb css=\u00bb.vc_custom_1675331837624{margin-right: 5px !important;margin-left: 10px !important;}\u00bb][vc_column][vc_text_separator title=\u00bbOn menjar tom\u00e0quets i alberg\u00ednia blanca\u00bb color=\u00bbpink\u00bb css_animation=\u00bbfadeIn\u00bb css=\u00bb\u00bb][\/vc_column][\/vc_row][vc_row parallax=\u00bbcontent-moving\u00bb css_animation=\u00bbfadeIn\u00bb css=\u00bb.vc_custom_1675331875028{margin-right: 5px !important;margin-left: 10px !important;}\u00bb][vc_column width=\u00bb1\/3&#8243;][vc_column_text css=\u00bb\u00bb]\n<h3><strong>LA MASIA DE SALLENT<\/strong><\/h3>\n<p><strong>Amanida de tom\u00e0quet de les Arnaules amb escuma de parmes\u00e0, escabetx suau i verat fumat<\/strong><\/p>\n<p><em><span data-sheets-root=\"1\">Masia Cal Puigb\u00f3, s\/n. (Carretera C-16, Salida 64 \u00abSallent Nord, 08650 Sallent <\/span>&#8211; <a href=\"https:\/\/www.google.es\/maps\/place\/La+Masia+Germans+Parareda,+Sallent\/@41.7356473,1.570159,10z\/data=!4m6!3m5!1s0x12a4ffcb7a5a0e95:0xed9699d85dbf0cdb!8m2!3d41.8357997!4d1.883309!16s%2Fg%2F11p657frhh?hl=es&amp;entry=ttu\" target=\"_blank\" rel=\"noopener\">ubicaci\u00f3<\/a><\/em><\/p>\n<p>Tel. 93 744 70 11 <a href=\"https:\/\/www.instagram.com\/lamasiasallent\/\" target=\"_blank\" rel=\"noopener\">@lamasiasallent<\/a><\/p>\n<p style=\"text-align: center;\"><a href=\"https:\/\/www.google.com\/maps\/reserve\/v\/dine\/c\/Wqc-lYNclo8?source=pa&#038;opi=79508299&#038;hl=es-ES&#038;gei=NByiZpmNLampkdUPsvaawAg&#038;sourceurl=http%3A%2F%2Fwww.google.es%2Fservice%2FMapsPlaceService%2FGetPlace%3Fhl%3Des%26authuser%3D0%26gl%3Des%26q%3DLa%2BMasia%2C%2BGermans%2BParareda%2C%2BSallent&#038;ihs=2\" class=\"btn btn-primary btn-md\"> Reserva taula<\/a>\n[\/vc_column_text][\/vc_column][vc_column width=\u00bb1\/3&#8243;][vc_column_text css=\u00bb\u00bb]\n<h3><span data-sheets-root=\"1\">Can Dani Restaurant<\/span><\/h3>\n<p><strong>Amanida de tom\u00e0quets de les Arnaules amb anxoves i mat\u00f3<\/strong><\/p>\n<p><em><span data-sheets-root=\"1\">Carrer Cintaires, 22 Manresa <\/span>&#8211; <a href=\"https:\/\/www.google.es\/maps\/place\/Can+Dani+Restaurant\/@41.7342317,1.8271809,17z\/data=!3m1!4b1!4m6!3m5!1s0x12a45808086abd55:0xe08144d4b617a86e!8m2!3d41.7342277!4d1.8297558!16s%2Fg%2F11dz1c2z6p?hl=es&amp;entry=ttu\" target=\"_blank\" rel=\"noopener\">ubicaci\u00f3<\/a><\/em><\/p>\n<p>Tel. <span data-sheets-root=\"1\">93 524 19 48<\/span> <a href=\"https:\/\/www.instagram.com\/candani_manresa\/\" target=\"_blank\" rel=\"noopener\">@candani_manresa<\/a><\/p>\n<p style=\"text-align: center;\"><a href=\"https:\/\/www.instagram.com\/candani_manresa\/\" class=\"btn btn-primary btn-md\"> Reserva taula<\/a>\n[\/vc_column_text][\/vc_column][vc_column width=\u00bb1\/3&#8243;][vc_column_text css=\u00bb\u00bb]\n<h3>Restaurant la Fonda (M\u00f3n Sant Benet)<\/h3>\n<p><strong>Amanida de tom\u00e0quets dels horts de Sant Benet amb seitons<\/strong><\/p>\n<p><strong>Alberg\u00ednia blanca escalivada del nostre hort amb formatge fresc i pinyons<\/strong><\/p>\n<p><em><span data-sheets-root=\"1\">Cam\u00ed de Sant Benet s\/n Sant Fruit\u00f3s de Bages <\/span>&#8211; <a href=\"https:\/\/www.google.es\/maps\/place\/Restaurant+La+Fonda\/@41.7428905,1.8983701,17z\/data=!3m2!4b1!5s0x12a4f7579b722b03:0xe8ca3a962eed6d7d!4m6!3m5!1s0x12a4f9dfe07c0d35:0x4b476ddeb8ca860a!8m2!3d41.7428865!4d1.900945!16s%2Fg%2F11b70ct2rt?hl=es&amp;entry=ttu\" target=\"_blank\" rel=\"noopener\">ubicaci\u00f3<\/a><\/em><\/p>\n<p>Tel. 93 875 94 29\u00a0<a href=\"https:\/\/www.instagram.com\/hotel_monsantbenet\" target=\"_blank\" rel=\"noopener\">@hotel_monsantbenet<\/a><\/p>\n<p style=\"text-align: center;\"><a href=\"https:\/\/widget.thefork.com\/ca\/9d07eb28-33b7-4130-93d7-70012182981a?utm_source=monsantbenet.com\" class=\"btn btn-primary btn-md\"> Reserva taula<\/a>\n[\/vc_column_text][\/vc_column][\/vc_row][vc_row parallax=\u00bbcontent-moving\u00bb css_animation=\u00bbfadeIn\u00bb css=\u00bb.vc_custom_1675331857176{margin-right: 5px !important;margin-left: 10px !important;}\u00bb][vc_column width=\u00bb1\/3&#8243;][vc_column_text css=\u00bb\u00bb]\n<h3><span data-sheets-root=\"1\">Cau de l&#8217;Ateneu<\/span><\/h3>\n<p><strong>Alberg\u00ednia blanca fumada amb holandesa de vi ranci i caviar de mostassa<\/strong><\/p>\n<p><strong>Tom\u00e0quet pebroter amb verdures encurtides i t\u00f2fona d&#8217;estiu<\/strong><\/p>\n<p><strong> Tom\u00e0quet rosa ple amb garum d&#8217;anxoves i pat\u00e9 d&#8217;arengada<\/strong><\/p>\n<p>*tom\u00e0quets i alberg\u00ednies blanques de Cal Climent i Cal Codony<\/p>\n<p><em>C\/ de les Piques, 1 bxs Manresa &#8211; <a href=\"https:\/\/www.google.com\/maps\/place\/Cau+de+l'Ateneu\/@41.7233959,1.8226451,17z\/data=!3m1!4b1!4m6!3m5!1s0x12a524360e68b7b1:0x4cb9d159600f725a!8m2!3d41.7233919!4d1.82522!16s%2Fg%2F11b60wzc6k?entry=ttu\" target=\"_blank\" rel=\"noopener\">ubicaci\u00f3<\/a><\/em><\/p>\n<p>Tel. <span data-sheets-root=\"1\">93 851 38 59<\/span> <a href=\"https:\/\/www.instagram.com\/cau_delateneu\/\" target=\"_blank\" rel=\"noopener\">@cau_delateneu<\/a><\/p>\n<p style=\"text-align: center;\"><a href=\"https:\/\/www.caudelateneu.com\/restaurant-cau-de-l-ateneu\/#reserves\" class=\"btn btn-primary btn-md\"> Reserva taula<\/a>\n[\/vc_column_text][\/vc_column][vc_column width=\u00bb1\/3&#8243;][vc_column_text css=\u00bb\u00bb]\n<h3>Mas de la Sala<\/h3>\n<p><strong>Tom\u00e0quet de Cal Climent amb tabul\u00e9 de couscous i fruta seca<\/strong><\/p>\n<p><strong>Timbal d&#8217;alberg\u00ednia blanca manresana amb sobrassada de Sag\u00e0s i mel de Nav\u00e0s<\/strong><\/p>\n<p><em><span data-sheets-root=\"1\">Ctra. C-16, km 59 (sortida plans de la sala) 08650 Sallent<\/span> &#8211; <a href=\"https:\/\/www.google.com\/maps\/place\/Mas+de+la+Sala\/@41.7890512,1.8957034,17z\/data=!3m1!4b1!4m11!3m10!1s0x12a4feb4c1c8c85f:0xd842f1e74923abcc!5m4!1s2024-08-23!2i2!4m1!1i2!8m2!3d41.7890472!4d1.8982783!16s%2Fg%2F1wy6ynkb?entry=ttu\" target=\"_blank\" rel=\"noopener\">ubicaci\u00f3<\/a><\/em><\/p>\n<p>Tel. <span data-sheets-root=\"1\">93 837 08 77<\/span>\u00a0<a href=\"https:\/\/www.instagram.com\/mas_de_la_sala\" target=\"_blank\" rel=\"noopener\">@mas_de_la_sala<\/a><\/p>\n<p style=\"text-align: center;\"><a href=\"\" class=\"btn btn-primary btn-md\"> Reserva taula<\/a>\n[\/vc_column_text][\/vc_column][vc_column width=\u00bb1\/3&#8243;][vc_column_text css=\u00bb\u00bb]\n<h3>Restaurant Las Vegas<\/h3>\n<p><strong>Amanida de tom\u00e0quet de les Arnaules amb ventresca de tonyina<\/strong><\/p>\n<p><em>Carrer del Born, 28, 08241 Manresa &#8211; <a href=\"https:\/\/www.google.com\/maps\/place\/Restaurant+Las+Vegas\/@41.7248372,1.8217799,17z\/data=!3m1!4b1!4m6!3m5!1s0x12a45872e1359493:0x63c5641bc2dd0fef!8m2!3d41.7248332!4d1.8243548!16s%2Fg%2F1tqks4wr?entry=ttu\" target=\"_blank\" rel=\"noopener\">ubicaci\u00f3<\/a><\/em><\/p>\n<p>Tel. 93 872 11 14\u00a0<a href=\"https:\/\/www.instagram.com\/restaurant.lasvegas\" target=\"_blank\" rel=\"noopener\">@restaurant.lasvegas<\/a><\/p>\n<p style=\"text-align: center;\"><a href=\"\" class=\"btn btn-primary btn-md\"> Reserva taula<\/a>\n[\/vc_column_text][\/vc_column][\/vc_row][vc_row parallax=\u00bbcontent-moving\u00bb css_animation=\u00bbfadeIn\u00bb css=\u00bb.vc_custom_1675331857176{margin-right: 5px !important;margin-left: 10px !important;}\u00bb][vc_column width=\u00bb1\/2&#8243;][vc_column_text css=\u00bb\u00bb]\n<h3><span data-sheets-root=\"1\">La Barca Restaurant<\/span><\/h3>\n<p><strong>Tom\u00e0quets de Viladordis amb ceba tendra, oli verge extra i ventresca de tonyina <\/strong><\/p>\n<p><em>Carretera Abrera &#8211; Manresa, Km. 13, 08691 Monistrol de Montserrat &#8211; <a href=\"https:\/\/www.google.com\/maps\/place\/La+Barca+Restaurant\/@41.6050929,1.847039,17z\/data=!3m1!4b1!4m6!3m5!1s0x12a4f540252ec223:0x2da5616ce1e18900!8m2!3d41.6050889!4d1.8496139!16s%2Fg%2F1tg968yp?entry=ttu\" target=\"_blank\" rel=\"noopener\">ubicaci\u00f3<\/a><\/em><\/p>\n<p>Tel. 93 131 57 77\u00a0<a href=\"https:\/\/www.instagram.com\/labarca_monistrol\/\" target=\"_blank\" rel=\"noopener\">@labarca_monistrol<\/a><\/p>\n<p style=\"text-align: center;\"><a href=\"https:\/\/www.labarca.cat\/reserva.php\" class=\"btn btn-primary btn-md\"> Reserva taula<\/a>\n[\/vc_column_text][\/vc_column][vc_column width=\u00bb1\/2&#8243;][vc_images_carousel images=\u00bb14506,14501,14509,14510,14502,14503,14504,14505,14508&#8243; img_size=\u00bblarge\u00bb onclick=\u00bblink_no\u00bb slides_per_view=\u00bb2&#8243; autoplay=\u00bbyes\u00bb partial_view=\u00bbyes\u00bb wrap=\u00bbyes\u00bb css_animation=\u00bbleft-to-right\u00bb css=\u00bb\u00bb][\/vc_column][\/vc_row][vc_row full_width=\u00bbstretch_row_content\u00bb css=\u00bb.vc_custom_1616763033326{padding-top: 30px !important;padding-right: 40px !important;padding-bottom: 30px !important;padding-left: 40px !important;background-color: #ffffff !important;}\u00bb][vc_column][vc_text_separator title=\u00bbOn comprar tom\u00e0quets del Bages i alberg\u00ednia blanca\u00bb color=\u00bbpink\u00bb css_animation=\u00bbfadeIn\u00bb css=\u00bb\u00bb][\/vc_column][\/vc_row][vc_row parallax=\u00bbcontent-moving\u00bb css_animation=\u00bbfadeIn\u00bb css=\u00bb.vc_custom_1675332140609{margin-right: 5px !important;margin-left: 10px !important;}\u00bb][vc_column][vc_column_text css=\u00bb\u00bb]Si prefereixes cuinar-los tu mateix a casa, en aquests mercats de segur que en trobar\u00e0s mentre en sigui temporada.[\/vc_column_text][\/vc_column][\/vc_row][vc_row parallax=\u00bbcontent-moving\u00bb css_animation=\u00bbfadeIn\u00bb css=\u00bb.vc_custom_1675331857176{margin-right: 5px !important;margin-left: 10px !important;}\u00bb][vc_column width=\u00bb1\/3&#8243;][vc_column_text css=\u00bb\u00bb]\n<h2 id=\"i4t-id-80\" class=\"class-h2-0 i4t-reference-include\" data-insuit-uuid=\"9ce13db8-69b4-4615-96ab-3ca372e257eb\">Mercat agrari de la pla\u00e7a Puigmercadal, Manresa<\/h2>\n<p data-insuit-uuid=\"5dc145e5-21b1-4b4a-b19b-51a16e8cf1c7\"><strong>Quan<\/strong>? Cada mat\u00ed de dilluns a dissabte.<\/p>\n<p data-insuit-uuid=\"2e9010de-d2f8-4aba-95eb-134db496fd13\">S\u2019hi concentren, sota les arcades de la pla\u00e7a, els pagesos del regadiu manres\u00e0.<\/p>\n[\/vc_column_text][\/vc_column][vc_column width=\u00bb1\/3&#8243;][vc_column_text css=\u00bb\u00bb]\n<h2 id=\"i4t-id-81\" class=\"class-h2-1 i4t-reference-include\" data-insuit-uuid=\"4629a577-1615-4b2a-b275-731708fec9a0\">Mercat agrari de la pla\u00e7a Major de Manresa<\/h2>\n<p data-insuit-uuid=\"33a29d90-224d-44be-bdd6-5bbfa4fd8618\"><strong>Quan?<\/strong> Dissabtes al mat\u00ed, de 8 a 14h.<\/p>\n<p data-insuit-uuid=\"723a77c1-5c29-4dcc-8f59-d0447e0b1c18\">S\u2019hi apleguen pagesos del regadiu manres\u00e0, aix\u00ed com altres productors d\u2019horta de poblacions ve\u00efnes. Tamb\u00e9 compta amb la pres\u00e8ncia de productors de fruita d\u2019altres comarques i d\u2019alguna parada de productes transformats (carnisseria, olives,&#8230;) .<\/p>\n[\/vc_column_text][\/vc_column][vc_column width=\u00bb1\/3&#8243;][vc_column_text css=\u00bb\u00bb]\n<h2 id=\"i4t-id-82\" class=\"class-h2-2 i4t-reference-include\" data-insuit-uuid=\"0a7ba580-4a38-4472-9421-3dbd253ac6a0\">Mercat de la Font de les Oques<\/h2>\n<p data-insuit-uuid=\"43adc9da-a2ba-479d-b52a-9ae465a6b585\"><strong>Quan?<\/strong> Dimecres de 8 a 14 hores<\/p>\n<p data-insuit-uuid=\"43adc9da-a2ba-479d-b52a-9ae465a6b585\">Carrer Carrasco i Formiguera (\u201cFont de les Oques\u201d).<\/p>\n<p data-insuit-uuid=\"43adc9da-a2ba-479d-b52a-9ae465a6b585\">Un mercat on es pot comprar directament al productor. S&#8217;hi pot trobar mel, oli, embotit, formatges, verdures i fruita, entre d&#8217;altres.<\/p>\n[\/vc_column_text][\/vc_column][\/vc_row][vc_row parallax=\u00bbcontent-moving\u00bb css_animation=\u00bbfadeIn\u00bb css=\u00bb.vc_custom_1675331857176{margin-right: 5px !important;margin-left: 10px !important;}\u00bb][vc_column width=\u00bb1\/3&#8243;][vc_column_text css=\u00bb\u00bb]\n<h2 id=\"i4t-id-80\" class=\"class-h2-0 i4t-reference-include\" data-insuit-uuid=\"9ce13db8-69b4-4615-96ab-3ca372e257eb\">Mercat de proximitat a Santpedor<\/h2>\n<p data-insuit-uuid=\"5dc145e5-21b1-4b4a-b19b-51a16e8cf1c7\"><strong>Quan<\/strong>? Cada primer dissabte de mes.<\/p>\n<p data-insuit-uuid=\"5dc145e5-21b1-4b4a-b19b-51a16e8cf1c7\">Pla\u00e7a Gran U d&#8217;Octubre<\/p>\n<p data-insuit-uuid=\"2e9010de-d2f8-4aba-95eb-134db496fd13\">S\u2019hi concentren parades de productors del territori que fan venda directa dels seus productes directament al consumidor.\u00a0Hi podem trobar\u00a0verdura, formatges, embotits,\u00a0roba, joies o sabons, entre d&#8217;altres.<\/p>\n[\/vc_column_text][\/vc_column][vc_column width=\u00bb1\/3&#8243;][vc_column_text css=\u00bb\u00bb]\n<h2 id=\"i4t-id-81\" class=\"class-h2-1 i4t-reference-include\" data-insuit-uuid=\"4629a577-1615-4b2a-b275-731708fec9a0\">Mercat de la Terra a Sant Fruit\u00f3s de Bages<\/h2>\n<p data-insuit-uuid=\"33a29d90-224d-44be-bdd6-5bbfa4fd8618\"><strong>Quan?<\/strong> Cada tercer dissabte de cada mes<\/p>\n<p data-insuit-uuid=\"33a29d90-224d-44be-bdd6-5bbfa4fd8618\">Cobert de la M\u00e0quina de Batre<\/p>\n<p data-insuit-uuid=\"723a77c1-5c29-4dcc-8f59-d0447e0b1c18\">S\u2019hi apleguen una \u00e0mplia gamma de parades, des de fruites i verdures fins a productes artesanals com mel, formatges, embotits i pa per a poder fer la compra de la setmana. Al mercat tamb\u00e9 s&#8217;hi ofereixen tastos, vermut musical i activitats per als m\u00e9s menuts.<\/p>\n[\/vc_column_text][\/vc_column][vc_column width=\u00bb1\/3&#8243;][\/vc_column][\/vc_row][vc_row full_width=\u00bbstretch_row_content\u00bb css=\u00bb.vc_custom_1616763033326{padding-top: 30px !important;padding-right: 40px !important;padding-bottom: 30px !important;padding-left: 40px !important;background-color: #ffffff !important;}\u00bb][vc_column][vc_text_separator title=\u00bbLes guies de proudcte\u00bb color=\u00bbpink\u00bb css_animation=\u00bbfadeIn\u00bb css=\u00bb\u00bb][\/vc_column][\/vc_row][vc_row parallax=\u00bbcontent-moving\u00bb css_animation=\u00bbfadeIn\u00bb css=\u00bb.vc_custom_1675331857176{margin-right: 5px !important;margin-left: 10px !important;}\u00bb][vc_column width=\u00bb1\/3&#8243;][vc_column_text css=\u00bb\u00bb]I si necessites inspiraci\u00f3, trobar\u00e0s diverses receptes a la Guia del tom\u00e0quet i a la Guia de l&#8217;alberg\u00ednia blanca, aix\u00ed com totes les propietats organol\u00e8ptiques i moltes altres curiositats! Clica a les imatges per descarregar-te-les.[\/vc_column_text][\/vc_column][vc_column width=\u00bb1\/3&#8243;][vc_column_text css=\u00bb\u00bb]\n<h2 id=\"i4t-id-80\" class=\"class-h2-0 i4t-reference-include\" data-insuit-uuid=\"9ce13db8-69b4-4615-96ab-3ca372e257eb\"><a href=\"https:\/\/www.rebostbages.cat\/wp-content\/uploads\/2020\/10\/Guia_del_tomaquet_2020.pdf\" target=\"_blank\" rel=\"noopener\"><img decoding=\"async\" class=\"lazyload alignnone size-medium wp-image-8625\" src=\"https:\/\/bagesturisme.cat\/wp-content\/uploads\/2021\/02\/tomaquet-400x400.jpg\" data-orig-src=\"https:\/\/bagesturisme.cat\/wp-content\/uploads\/2021\/02\/tomaquet-400x400.jpg\" alt=\"\" width=\"400\" height=\"400\" srcset=\"data:image\/svg+xml,%3Csvg%20xmlns%3D%27http%3A%2F%2Fwww.w3.org%2F2000%2Fsvg%27%20width%3D%27400%27%20height%3D%27400%27%20viewBox%3D%270%200%20400%20400%27%3E%3Crect%20width%3D%27400%27%20height%3D%27400%27%20fill-opacity%3D%220%22%2F%3E%3C%2Fsvg%3E\" data-srcset=\"https:\/\/www.bagesturisme.cat\/wp-content\/uploads\/2021\/02\/tomaquet-60x60.jpg 60w, https:\/\/www.bagesturisme.cat\/wp-content\/uploads\/2021\/02\/tomaquet-150x150.jpg 150w, https:\/\/www.bagesturisme.cat\/wp-content\/uploads\/2021\/02\/tomaquet-400x400.jpg 400w, https:\/\/www.bagesturisme.cat\/wp-content\/uploads\/2021\/02\/tomaquet.jpg 620w\" data-sizes=\"auto\" data-orig-sizes=\"(max-width: 400px) 100vw, 400px\" \/><\/a><\/h2>\n[\/vc_column_text][\/vc_column][vc_column width=\u00bb1\/3&#8243;][vc_column_text css=\u00bb\u00bb]\n<h2 id=\"i4t-id-80\" class=\"class-h2-0 i4t-reference-include\" data-insuit-uuid=\"9ce13db8-69b4-4615-96ab-3ca372e257eb\"><a href=\"https:\/\/www.rebostbages.cat\/wp-content\/uploads\/2020\/10\/Guia_del_alberginia_blanca.pdf\" target=\"_blank\" rel=\"noopener\"><img decoding=\"async\" class=\"lazyload alignnone wp-image-14513 size-medium\" src=\"https:\/\/bagesturisme.cat\/wp-content\/uploads\/2024\/07\/guia-alberginia-401x400.jpg\" data-orig-src=\"https:\/\/bagesturisme.cat\/wp-content\/uploads\/2024\/07\/guia-alberginia-401x400.jpg\" alt=\"\" width=\"401\" height=\"400\" srcset=\"data:image\/svg+xml,%3Csvg%20xmlns%3D%27http%3A%2F%2Fwww.w3.org%2F2000%2Fsvg%27%20width%3D%27401%27%20height%3D%27400%27%20viewBox%3D%270%200%20401%20400%27%3E%3Crect%20width%3D%27401%27%20height%3D%27400%27%20fill-opacity%3D%220%22%2F%3E%3C%2Fsvg%3E\" data-srcset=\"https:\/\/www.bagesturisme.cat\/wp-content\/uploads\/2024\/07\/guia-alberginia-60x60.jpg 60w, https:\/\/www.bagesturisme.cat\/wp-content\/uploads\/2024\/07\/guia-alberginia-150x150.jpg 150w, https:\/\/www.bagesturisme.cat\/wp-content\/uploads\/2024\/07\/guia-alberginia-401x400.jpg 401w, https:\/\/www.bagesturisme.cat\/wp-content\/uploads\/2024\/07\/guia-alberginia-768x767.jpg 768w, https:\/\/www.bagesturisme.cat\/wp-content\/uploads\/2024\/07\/guia-alberginia.jpg 793w\" data-sizes=\"auto\" data-orig-sizes=\"(max-width: 401px) 100vw, 401px\" \/><\/a><\/h2>\n[\/vc_column_text][\/vc_column][\/vc_row][vc_row css=\u00bb.vc_custom_1675406677116{padding-right: 5px !important;padding-left: 10px !important;}\u00bb][vc_column width=\u00bb1\/3&#8243;][vc_video link=\u00bbhttps:\/\/www.youtube.com\/watch?v=nR_CgNjV1P8&amp;list=PLw6taqR0fkDJxUnE_3_ULvR6xQrMkShE5&amp;index=3&#8243; el_aspect=\u00bb916&#8243; css=\u00bb\u00bb][vc_column_text][\/vc_column_text][\/vc_column][vc_column width=\u00bb1\/3&#8243;][vc_video link=\u00bbhttps:\/\/www.youtube.com\/watch?v=dgFtyxyEhlQ&amp;list=PLw6taqR0fkDJxUnE_3_ULvR6xQrMkShE5&amp;index=2&#8243; el_aspect=\u00bb916&#8243; css=\u00bb\u00bb][\/vc_column][vc_column width=\u00bb1\/3&#8243;][vc_video link=\u00bbhttps:\/\/www.youtube.com\/watch?v=uS1upkeUXcM&amp;list=PLw6taqR0fkDJxUnE_3_ULvR6xQrMkShE5&amp;index=1&#8243; el_aspect=\u00bb916&#8243; css=\u00bb\u00bb][\/vc_column][\/vc_row][vc_row][vc_column][vc_single_image image=\u00bb15460&#8243; img_size=\u00bbmedium\u00bb css=\u00bb\u00bb][\/vc_column][\/vc_row]\n<!-- \/wp:post-content --><\/div>","protected":false},"excerpt":{"rendered":"<p>[vc_row][vc_column][vc_column_text][\/vc_column_text][\/vc_column][\/vc_row][vc_row full_width=\u00bbstretch_row_content_no_spaces\u00bb content_placement=\u00bbmiddle\u00bb css_animation=\u00bbfadeIn\u00bb css=\u00bb.vc_custom_1675330960381{margin-top: 0px !important;margin-right: 0px !important;margin-bottom: 0px !important;margin-left: 0px !important;padding-top: 0px !important;padding-right: 0px !important;padding-bottom: 0px !important;padding-left: 0px !important;}\u00bb][vc_column parallax=\u00bbcontent-moving\u00bb css_animation=\u00bbfadeIn\u00bb css=\u00bb.vc_custom_1675331282563{margin-top: -30px !important;}\u00bb][vc_single_image image=\u00bb14498&#8243; img_size=\u00bbfull\u00bb alignment=\u00bbcenter\u00bb css_animation=\u00bbfadeIn\u00bb css=\u00bb\u00bb][\/vc_column][\/vc_row][vc_row parallax=\u00bbcontent-moving\u00bb css_animation=\u00bbfadeIn\u00bb css=\u00bb.vc_custom_1675332140609{margin-right: 5px !important;margin-left: 10px !important;}\u00bb][vc_column][vc_column_text css=\u00bb\u00bb] \u00c9S TEMPS DE TOM\u00c0QUETS I ALBERG\u00cdNIA BLANCA DEL BAGES [\/vc_column_text][\/vc_column][vc_column][vc_column_text css=\u00bb\u00bb]Tens ganes de tastar tom\u00e0quets del  [&#8230;]<\/p>\n","protected":false},"author":3,"featured_media":14506,"parent":0,"menu_order":56,"comment_status":"closed","ping_status":"closed","template":"landing.php","meta":{"_acf_changed":false,"_eb_attr":"","footnotes":""},"tags":[],"class_list":["post-14497","page","type-page","status-publish","has-post-thumbnail","hentry"],"acf":[],"_links":{"self":[{"href":"https:\/\/www.bagesturisme.cat\/es\/wp-json\/wp\/v2\/pages\/14497","targetHints":{"allow":["GET"]}}],"collection":[{"href":"https:\/\/www.bagesturisme.cat\/es\/wp-json\/wp\/v2\/pages"}],"about":[{"href":"https:\/\/www.bagesturisme.cat\/es\/wp-json\/wp\/v2\/types\/page"}],"author":[{"embeddable":true,"href":"https:\/\/www.bagesturisme.cat\/es\/wp-json\/wp\/v2\/users\/3"}],"replies":[{"embeddable":true,"href":"https:\/\/www.bagesturisme.cat\/es\/wp-json\/wp\/v2\/comments?post=14497"}],"version-history":[{"count":12,"href":"https:\/\/www.bagesturisme.cat\/es\/wp-json\/wp\/v2\/pages\/14497\/revisions"}],"predecessor-version":[{"id":15461,"href":"https:\/\/www.bagesturisme.cat\/es\/wp-json\/wp\/v2\/pages\/14497\/revisions\/15461"}],"wp:featuredmedia":[{"embeddable":true,"href":"https:\/\/www.bagesturisme.cat\/es\/wp-json\/wp\/v2\/media\/14506"}],"wp:attachment":[{"href":"https:\/\/www.bagesturisme.cat\/es\/wp-json\/wp\/v2\/media?parent=14497"}],"wp:term":[{"taxonomy":"post_tag","embeddable":true,"href":"https:\/\/www.bagesturisme.cat\/es\/wp-json\/wp\/v2\/tags?post=14497"}],"curies":[{"name":"wp","href":"https:\/\/api.w.org\/{rel}","templated":true}]}}