{"id":11619,"date":"2022-07-15T11:35:24","date_gmt":"2022-07-15T10:35:24","guid":{"rendered":"https:\/\/bagesturisme.cat\/?page_id=11619"},"modified":"2022-07-15T11:40:30","modified_gmt":"2022-07-15T10:40:30","slug":"romanic","status":"publish","type":"page","link":"https:\/\/www.bagesturisme.cat\/es\/romanic\/","title":{"rendered":"Rutes del rom\u00e0nic del Bages"},"content":{"rendered":"<p class=\"qtranxs-available-languages-message qtranxs-available-languages-message-es\">Disculpa, pero esta entrada est\u00e1 disponible s\u00f3lo en <a href=\"https:\/\/www.bagesturisme.cat\/ca\/wp-json\/wp\/v2\/pages\/11619\" class=\"qtranxs-available-language-link qtranxs-available-language-link-ca\" title=\"Catal\u00e0\">Catal\u00e0<\/a>.<\/p>","protected":false},"excerpt":{"rendered":"<p>Disculpa, pero esta entrada est\u00e1 disponible s\u00f3lo en Catal\u00e0.<\/p>\n","protected":false},"author":3,"featured_media":0,"parent":0,"menu_order":41,"comment_status":"closed","ping_status":"closed","template":"","meta":{"_acf_changed":false,"_eb_attr":"","footnotes":""},"tags":[],"class_list":["post-11619","page","type-page","status-publish","hentry"],"acf":[],"_links":{"self":[{"href":"https:\/\/www.bagesturisme.cat\/es\/wp-json\/wp\/v2\/pages\/11619","targetHints":{"allow":["GET"]}}],"collection":[{"href":"https:\/\/www.bagesturisme.cat\/es\/wp-json\/wp\/v2\/pages"}],"about":[{"href":"https:\/\/www.bagesturisme.cat\/es\/wp-json\/wp\/v2\/types\/page"}],"author":[{"embeddable":true,"href":"https:\/\/www.bagesturisme.cat\/es\/wp-json\/wp\/v2\/users\/3"}],"replies":[{"embeddable":true,"href":"https:\/\/www.bagesturisme.cat\/es\/wp-json\/wp\/v2\/comments?post=11619"}],"version-history":[{"count":4,"href":"https:\/\/www.bagesturisme.cat\/es\/wp-json\/wp\/v2\/pages\/11619\/revisions"}],"predecessor-version":[{"id":11622,"href":"https:\/\/www.bagesturisme.cat\/es\/wp-json\/wp\/v2\/pages\/11619\/revisions\/11622"}],"wp:attachment":[{"href":"https:\/\/www.bagesturisme.cat\/es\/wp-json\/wp\/v2\/media?parent=11619"}],"wp:term":[{"taxonomy":"post_tag","embeddable":true,"href":"https:\/\/www.bagesturisme.cat\/es\/wp-json\/wp\/v2\/tags?post=11619"}],"curies":[{"name":"wp","href":"https:\/\/api.w.org\/{rel}","templated":true}]}}