{"id":17568,"date":"2026-02-20T13:51:00","date_gmt":"2026-02-20T12:51:00","guid":{"rendered":"https:\/\/www.bagesturisme.cat\/?page_id=17568"},"modified":"2026-02-23T09:05:04","modified_gmt":"2026-02-23T08:05:04","slug":"famtrip-ruta-del-vi","status":"publish","type":"page","link":"https:\/\/www.bagesturisme.cat\/en\/famtrip-ruta-del-vi\/","title":{"rendered":"Copy Copy Copy Copy Copy ( Cloned )"},"content":{"rendered":"<div class=\"wpb-content-wrapper\">[vc_row][vc_column][vc_column_text]<div class=\"fusion-fullwidth fullwidth-box fusion-builder-row-3 fusion-flex-container nonhundred-percent-fullwidth non-hundred-percent-height-scrolling\" style=\"--awb-border-radius-top-left:0px;--awb-border-radius-top-right:0px;--awb-border-radius-bottom-right:0px;--awb-border-radius-bottom-left:0px;--awb-flex-wrap:wrap;\" ><div class=\"fusion-builder-row fusion-row fusion-flex-align-items-flex-start fusion-flex-content-wrap\" style=\"max-width:1216.8px;margin-left: calc(-4% \/ 2 );margin-right: calc(-4% \/ 2 );\"><div class=\"fusion-layout-column fusion_builder_column fusion-builder-column-2 fusion_builder_column_1_1 1_1 fusion-flex-column\" style=\"--awb-bg-size:cover;--awb-width-large:100%;--awb-margin-top-large:0px;--awb-spacing-right-large:1.92%;--awb-margin-bottom-large:0px;--awb-spacing-left-large:1.92%;--awb-width-medium:100%;--awb-spacing-right-medium:1.92%;--awb-spacing-left-medium:1.92%;--awb-width-small:100%;--awb-spacing-right-small:1.92%;--awb-spacing-left-small:1.92%;\"><div class=\"fusion-column-wrapper fusion-flex-justify-content-flex-start fusion-content-layout-column\"><div class=\"fusion-text fusion-text-3\"><p>[\/vc_column_text][\/vc_column][\/vc_row][vc_row][vc_column][vc_column_text][\/vc_column_text][\/vc_column][\/vc_row][vc_row full_width=\"stretch_row_content_no_spaces\" content_placement=\"middle\" css_animation=\"fadeIn\" css=\".vc_custom_1675330960381\"][vc_column parallax=\"content-moving\" css_animation=\"fadeIn\" css=\".vc_custom_1675331282563\"][vc_single_image image=\"17399\u2033 img_size=\"full\" alignment=\"center\" css_animation=\"fadeIn\" css=\"\"][\/vc_column][\/vc_row][vc_row parallax=\"content-moving\" css_animation=\"fadeIn\" css=\".vc_custom_1675332140609\"][vc_column][vc_column_text css=\"\"]<\/p>\n<h1 style=\"text-align: center;\">FAMTRIP RUTA DEL VI DO PLA DE BAGES<\/h1>\n<h4 style=\"text-align: center;\">12 de mar\u00e7 de 2026<\/h4>\n<p>[\/vc_column_text][vc_column_text css=\"\"]<\/p>\n<h3 class=\"fusion-responsive-typography-calculated\" style=\"text-align: center;\" data-fontsize=\"52\" data-lineheight=\"62.4px\"><i>Vine a descobrir la Ruta del vi DO Pla de Bages<\/i><\/h3>\n<h5 data-fontsize=\"28\" data-lineheight=\"33.6px\"><\/h5>\n<p>\u00a0<\/p>\n<h5 class=\"fusion-responsive-typography-calculated\" data-fontsize=\"28\" data-lineheight=\"33.6px\"><b>Per qu\u00e8 no et pots perdre aquest famtrip?<\/b><\/h5>\n<ol>\n<li>Perqu\u00e8 tindr\u00e0s l'oportunitat de descobrir la proposta enotur\u00edstica de cellers que potser no coneixes i que estan ben a prop teu.<\/li>\n<li>Perqu\u00e8 el Bages compta amb una ubicaci\u00f3 immillorable al cor de Catalunya, a menys d'una hora de Barcelona, a poc m\u00e9s d'una hora de Lleida, Tarragona i Girona i a menys de 2 hores d'Andorra i els Pirineus.<\/li>\n<li>Perqu\u00e8 estem conven\u00e7uts que encara et podem sorprendre i et convidem a celebrar-ho en un entorn aut\u00e8ntic, rural, allunyat de les aglomeracions, a la falda de Montserrat i comprom\u00e8s amb la sostenibilitat.<\/li>\n<li>Perqu\u00e8 podr\u00e0s con\u00e8ixer de primera m\u00e0 les persones que hi ha darrera de cada projecte i tenir-ne el contacte perqu\u00e8 puguis comen\u00e7ar a organitzar rutes a prop de Montserrat.<\/li>\n<li>Perqu\u00e8 t'oferim una ruta d'enoturisme cultural amb:<\/li>\n<\/ol>\n<ul>\n<li style=\"list-style-type: none;\">\n<ul>\n<li>Milers de construccions de <strong>pedra seca<\/strong>, declarades Patrimoni Cultural Immaterial de la UNESCO<\/li>\n<li>Una<strong> hist\u00f2ria arrelada al vi i la vinya<\/strong> sorprenent des de l'\u00e8poca dels romans<\/li>\n<li><strong>Vins i cellers DO Pla de Bages<\/strong> que parlen del territori i aposten per la qualitat<\/li>\n<li>Indrets de parada obligat\u00f2ria com <strong>Cardona, Manresa, M\u00f3n Sant Benet i el Parc Natural de Sant Lloren\u00e7 del Munt i l'Obac<\/strong><\/li>\n<li><strong>El picapoll<\/strong>, la varietat aut\u00f2ctona del Pla de Bages<\/li>\n<li><strong>Un territori emmarcat en el Geoparc Mundial<\/strong> UNESCO de la Catalunya Central<\/li>\n<li><strong>Montserrat omnipresent<\/strong><\/li>\n<\/ul>\n<\/li>\n<\/ul>\n<h5 class=\"fusion-responsive-typography-calculated\" data-fontsize=\"28\" data-lineheight=\"33.6px\"><b>A qui va dirigit?<\/b><\/h5>\n<ol>\n<li>Aquest famtrip est\u00e0 adre\u00e7at a professionals del sector tur\u00edstic: ag\u00e8ncies de viatges, DMC, guies tur\u00edstics, etc.<\/li>\n<\/ol>\n<h5 class=\"fusion-responsive-typography-calculated\" data-fontsize=\"28\" data-lineheight=\"33.6px\"><b>Com funciona?<\/b><\/h5>\n<ol>\n<li><strong>Inscriu-te i emplena el formulari per a reservar la teva pla\u00e7a<\/strong>. <span style=\"text-decoration: underline;\">La inscripci\u00f3 implica l'assist\u00e8ncia.<\/span><\/li>\n<li><strong>L'inici del Famtrip \u00e9s des de Barcelona<\/strong>, on agafarem un minibus i des de Bages Turisme us acompanyarem durant tot el recorregut.<\/li>\n<\/ol>\n<h5 class=\"fusion-responsive-typography-calculated\" data-fontsize=\"28\" data-lineheight=\"33.6px\"><b>A tenir en compte:<\/b><\/h5>\n<ul>\n<li><strong>Les inscripcions s\u00f3n unipersonals<\/strong> i us podeu inscriure fins a 2 persones de la mateixa empresa.<\/li>\n<li>L'itinerari t\u00e9 capacitat per a 20 persones i <strong>tancarem inscripcions divendres <u>6 de mar\u00e7<\/u><\/strong>.<\/li>\n<li><strong>La inscripci\u00f3 al famtrip \u00e9s gratu\u00efta<\/strong>, aix\u00ed com el dinar i el transport dels itineraris des de Barcelona, per\u00f2 et demanem si us plau <span style=\"text-decoration: underline;\">m\u00e0xim comprom\u00eds a assistir-hi un cop t'hagis inscrit.<\/span><\/li>\n<li><strong>Agrairem la m\u00e0xima puntualitat per iniciar les visites a l'hora<\/strong> i poder seguir l'itinerari amb \u00e8xit. Aix\u00ed podr\u00e0s fer un tastet de la gran varietat de cellers i oferta disponible de la Ruta del vi DO Pla de Bages.<\/li>\n<li>Per qualsevol dubte, podeu enviar-nos un correu a turisme@ccbages.cat, enviar-nos un WhatsApp o trucar-nos al 678 03 11 02.<\/li>\n<\/ul>\n<p>[\/vc_column_text][\/vc_column][vc_column][vc_separator][vc_column_text]<\/p>\n<h2 style=\"text-align: center;\">L'itinerari<\/h2>\n<p>[\/vc_column_text][\/vc_column][\/vc_row][vc_row parallax=\"content-moving\" css_animation=\"fadeIn\" css=\".vc_custom_1675331837624\"][vc_column][vc_column_text css=\"\"]<\/p>\n<h3 style=\"text-align: center;\"><b>Dijous 12 de mar\u00e7 de 2026\u00a0<\/b><\/h3>\n<div style=\"text-align: center;\">\n<p dir=\"ltr\">08.15 \u2013 Sortida bus des de Barcelona Pla\u00e7a Espanya (Hotel Catalonia Barcelona Plaza)<\/p>\n<p dir=\"ltr\">09.15 \u2013 Mond Obert, Sant Fruit\u00f3s de Bages<\/p>\n<p dir=\"ltr\">11.10 \u2013 Abadal, Aviny\u00f3<\/p>\n<p dir=\"ltr\">12.40 \u2013 Urbisol, Aviny\u00f3\/Calders (dinar i visita site inspection)<\/p>\n<p dir=\"ltr\">16.00 \u2013 Artium, Art\u00e9s<\/p>\n<p dir=\"ltr\">17.00 \u2013 Final del famtrip<\/p>\n<p dir=\"ltr\">18.00 \u2013 Arribada aproximada a Barcelona Pla\u00e7a Espanya<\/p>\n<p dir=\"ltr\"><\/div>\n<p style=\"text-align: center;\"><a href=\"https:\/\/forms.gle\/dY4YRLRXRdHJHjfNA\" class=\"btn btn-primary btn-md\"> Inscriu-te<\/a>\n[\/vc_column_text][vc_text_separator title=\"Els venues\" color=\"pink\" css_animation=\"fadeIn\" css=\"\"][\/vc_column][\/vc_row][vc_row parallax=\"content-moving\" css_animation=\"fadeIn\" css=\".vc_custom_1675331875028\"][vc_column width=\"1\/4\u2033][vc_column_text css=\"\"]<\/p>\n<h3><strong><img decoding=\"async\" class=\"lazyload alignnone wp-image-11185 size-medium\" src=\"https:\/\/www.bagesturisme.cat\/wp-content\/uploads\/2022\/04\/horts_santiscle_agost_fortuny-0139-600x400.jpg\" data-orig-src=\"https:\/\/www.bagesturisme.cat\/wp-content\/uploads\/2022\/04\/horts_santiscle_agost_fortuny-0139-600x400.jpg\" alt=\"\" width=\"600\" height=\"400\" srcset=\"data:image\/svg+xml,%3Csvg%20xmlns%3D%27http%3A%2F%2Fwww.w3.org%2F2000%2Fsvg%27%20width%3D%27600%27%20height%3D%27400%27%20viewBox%3D%270%200%20600%20400%27%3E%3Crect%20width%3D%27600%27%20height%3D%27400%27%20fill-opacity%3D%220%22%2F%3E%3C%2Fsvg%3E\" data-srcset=\"https:\/\/www.bagesturisme.cat\/wp-content\/uploads\/2022\/04\/horts_santiscle_agost_fortuny-0139-600x400.jpg 600w, https:\/\/www.bagesturisme.cat\/wp-content\/uploads\/2022\/04\/horts_santiscle_agost_fortuny-0139-768x512.jpg 768w, https:\/\/www.bagesturisme.cat\/wp-content\/uploads\/2022\/04\/horts_santiscle_agost_fortuny-0139-1280x853.jpg 1280w, https:\/\/www.bagesturisme.cat\/wp-content\/uploads\/2022\/04\/horts_santiscle_agost_fortuny-0139-1536x1023.jpg 1536w\" data-sizes=\"auto\" data-orig-sizes=\"(max-width: 600px) 100vw, 600px\" \/><\/strong><\/h3>\n<h3><strong>CELLER MOND OBERT<\/strong><\/h3>\n<p><em>Sant Fruit\u00f3s de Bages \u2013 <a href=\"http:\/\/Carrer Sant Iscle, s\/n, 08272 La Pineda de Bages, Barcelona\">ubicaci\u00f3<\/a><\/em><\/p>\n<div class=\"wpb_text_column wpb_content_element \">\n<div class=\"wpb_wrapper\">\n<p>La propietat del Mas de Sant Iscle, documentada l'any 950 i contempor\u00e0nia a la Marca Hisp\u00e0nica i al monestir de Sant Benet de Bages (bressol de la cultura vin\u00edcola bagenca), est\u00e0 situada al bell mig del Pla de Bages, en l'encreuament de l'Eix Transversal (C-25) i el cam\u00ed reial Barcelona-Cardona.<\/p>\n<\/div>\n<\/div>\n<p style=\"text-align: left;\"><a href=\"https:\/\/dopladebages.com\/celler-mond-obert\/\" class=\"btn btn-primary btn-md\"> M\u00e9s info<\/a>\n[\/vc_column_text][vc_icon icon_fontawesome=\"fab fa-instagram\" color=\"pink\" css=\"\" link=\"url:https%3A%2F%2Fwww.instagram.com%2Fceller.mondobert%2F\"][\/vc_column][vc_column width=\"1\/4\u2033][vc_column_text css=\"\"]<img decoding=\"async\" class=\"lazyload alignnone wp-image-10464 size-medium\" src=\"https:\/\/www.bagesturisme.cat\/wp-content\/uploads\/2021\/09\/Vinya-Abadal-599x400.jpg\" data-orig-src=\"https:\/\/www.bagesturisme.cat\/wp-content\/uploads\/2021\/09\/Vinya-Abadal-599x400.jpg\" alt=\"\" width=\"599\" height=\"400\" srcset=\"data:image\/svg+xml,%3Csvg%20xmlns%3D%27http%3A%2F%2Fwww.w3.org%2F2000%2Fsvg%27%20width%3D%27599%27%20height%3D%27400%27%20viewBox%3D%270%200%20599%20400%27%3E%3Crect%20width%3D%27599%27%20height%3D%27400%27%20fill-opacity%3D%220%22%2F%3E%3C%2Fsvg%3E\" data-srcset=\"https:\/\/www.bagesturisme.cat\/wp-content\/uploads\/2021\/09\/Vinya-Abadal-599x400.jpg 599w, https:\/\/www.bagesturisme.cat\/wp-content\/uploads\/2021\/09\/Vinya-Abadal-768x513.jpg 768w, https:\/\/www.bagesturisme.cat\/wp-content\/uploads\/2021\/09\/Vinya-Abadal-1280x854.jpg 1280w, https:\/\/www.bagesturisme.cat\/wp-content\/uploads\/2021\/09\/Vinya-Abadal-1536x1025.jpg 1536w\" data-sizes=\"auto\" data-orig-sizes=\"(max-width: 599px) 100vw, 599px\" \/><\/p>\n<h3><strong>CELLER ABADAL<\/strong><\/h3>\n<p><em>Aviny\u00f3 \u2013 <a href=\"http:\/\/celler Abadal, 08279 Santa Maria d, Barcelona\" target=\"_blank\" rel=\"noopener\">ubicaci\u00f3<\/a><\/em><\/p>\n<p>Amb m\u00e9s de 8 segles d'hist\u00f2ria, Abadal \u00e9s un celler familiar nascut de la vocaci\u00f3 d'elaborar vins que expressin la singularitat del seu paisatge: vinyes en terrasses envoltades de bosc, varietats tradicionals \u00faniques -Picapoll i Mand\u00f3 com a principals exponents- i s\u00f2l d'argila amb forta pres\u00e8ncia de pedra. En la seva aposta pel territori com a cam\u00ed de diferenciaci\u00f3 i identitat, Abadal treballa per afermar la tradici\u00f3 vit\u00edcola del Bages amb innovaci\u00f3 i modernitat.<\/p>\n<p style=\"text-align: left;\"><a href=\"https:\/\/abadal.net\/ca\/\" class=\"btn btn-primary btn-md\"> M\u00e9s info<\/a>\n[\/vc_column_text][vc_icon icon_fontawesome=\"fab fa-instagram\" color=\"pink\" css=\"\" link=\"url:https%3A%2F%2Fwww.instagram.com%2Fvinsabadal%2F\"][\/vc_column][vc_column width=\"1\/4\u2033][vc_column_text css=\"\"]<img decoding=\"async\" class=\"lazyload alignnone wp-image-12584 size-medium\" src=\"data:image\/svg+xml,%3Csvg%20xmlns%3D%27http%3A%2F%2Fwww.w3.org%2F2000%2Fsvg%27%20width%3D%27637%27%20height%3D%27400%27%20viewBox%3D%270%200%20637%20400%27%3E%3Crect%20width%3D%27637%27%20height%3D%27400%27%20fill-opacity%3D%220%22%2F%3E%3C%2Fsvg%3E\" data-orig-src=\"https:\/\/www.bagesturisme.cat\/wp-content\/uploads\/2016\/12\/urbisol-01c-637x400.jpg\" alt=\"\" width=\"637\" height=\"400\" \/><\/p>\n<h3><strong>RESTAURANT URBISOL<\/strong><\/h3>\n<p><em>Aviny\u00f3\/Calders \u2013 <a href=\"https:\/\/maps.app.goo.gl\/eXsaQ5x4AW627ERHA\">ubicaci\u00f3\u00a0<\/a><\/em><\/p>\n<p>Al restaurant Urbisol proposen plats de cuina familiar i de la terra, combinada amb noves tend\u00e8ncies avantguardistes. Una combinaci\u00f3 que, unida a la professionalitat del seu equip i el seu detallisme, els permet oferir una cuina selecta d'alt nivell gastron\u00f2mic. El restaurant \u00e9s propietat de la fam\u00edlia Jubany, el gestiona la seva tercera generaci\u00f3; aqu\u00ed es va formar el conegut cuiner Nandu Jubany.<\/p>\n<p><a href=\"https:\/\/www.hotelurbisol.com\/ca\/\" class=\"btn btn-primary btn-md\"> M\u00e9s info<\/a>[\/vc_column_text][vc_icon icon_fontawesome=\"fab fa-instagram\" color=\"pink\" css=\"\" link=\"url:https%3A%2F%2Fwww.instagram.com%2Fhotelurbisol%2F\"][\/vc_column][vc_column width=\"1\/4\u2033][vc_column_text css=\"\"]<img decoding=\"async\" class=\"lazyload alignnone wp-image-17453\" src=\"https:\/\/www.bagesturisme.cat\/wp-content\/uploads\/2025\/11\/artium-550x400.jpg\" data-orig-src=\"https:\/\/www.bagesturisme.cat\/wp-content\/uploads\/2025\/11\/artium-550x400.jpg\" alt=\"\" width=\"500\" height=\"364\" srcset=\"data:image\/svg+xml,%3Csvg%20xmlns%3D%27http%3A%2F%2Fwww.w3.org%2F2000%2Fsvg%27%20width%3D%27500%27%20height%3D%27364%27%20viewBox%3D%270%200%20500%20364%27%3E%3Crect%20width%3D%27500%27%20height%3D%27364%27%20fill-opacity%3D%220%22%2F%3E%3C%2Fsvg%3E\" data-srcset=\"https:\/\/www.bagesturisme.cat\/wp-content\/uploads\/2025\/11\/artium-200x146.jpg 200w, https:\/\/www.bagesturisme.cat\/wp-content\/uploads\/2025\/11\/artium-400x291.jpg 400w, https:\/\/www.bagesturisme.cat\/wp-content\/uploads\/2025\/11\/artium-550x400.jpg 550w, https:\/\/www.bagesturisme.cat\/wp-content\/uploads\/2025\/11\/artium-600x437.jpg 600w, https:\/\/www.bagesturisme.cat\/wp-content\/uploads\/2025\/11\/artium-768x559.jpg 768w, https:\/\/www.bagesturisme.cat\/wp-content\/uploads\/2025\/11\/artium-800x582.jpg 800w, https:\/\/www.bagesturisme.cat\/wp-content\/uploads\/2025\/11\/artium-1200x873.jpg 1200w, https:\/\/www.bagesturisme.cat\/wp-content\/uploads\/2025\/11\/artium-1280x931.jpg 1280w, https:\/\/www.bagesturisme.cat\/wp-content\/uploads\/2025\/11\/artium-1536x1118.jpg 1536w, https:\/\/www.bagesturisme.cat\/wp-content\/uploads\/2025\/11\/artium.jpg 1777w\" data-sizes=\"auto\" data-orig-sizes=\"(max-width: 500px) 100vw, 500px\" \/><\/p>\n<h3><strong>CELLER ARTIUM<\/strong><\/h3>\n<p><em>Art\u00e9s \u2013 <a href=\"https:\/\/maps.app.goo.gl\/FUPCntWnApiBLyGv8\">ubicaci\u00f3\u00a0<\/a><\/em><\/p>\n<p class=\"elementor-heading-title elementor-size-default\">M\u00e9s de cent anys de tradici\u00f3 vitivin\u00edcola arrelada al territori, al paisatge i al poble d'Art\u00e9s. Una ess\u00e8ncia i un tarann\u00e0 propi que es transmet de generaci\u00f3 en generaci\u00f3. L'amor per la terra amb la mirada d'esfor\u00e7 i treball compartit. Amb les seves propostes enotur\u00edstiques descobrir\u00e0s la seva hist\u00f2ria de m\u00e9s d'un segle. Entendr\u00e0s la dedicaci\u00f3, la paci\u00e8ncia i l'esfor\u00e7 que s'amaga darrera de cada copa de vi.<\/p>\n<p><a href=\"https:\/\/cavesartium.com\/\" class=\"btn btn-primary btn-md\"> M\u00e9s info<\/a>[\/vc_column_text][vc_icon icon_fontawesome=\"fab fa-instagram\" color=\"pink\" css=\"\" link=\"url:https%3A%2F%2Fwww.instagram.com%2Fcavesartium%2F\"][\/vc_column][\/vc_row][vc_row full_width=\"stretch_row_content\" css=\".vc_custom_1616763033326\"][vc_column width=\"1\/3\u2033][vc_btn title=\"Descarrega't la Meeting Planner Guide del Bages\" style=\"flat\" color=\"pink\" align=\"center\" i_align=\"right\" i_icon_fontawesome=\"fas fa-cloud-download-alt\" css_animation=\"bottom-to-top\" css=\"\" add_icon=\"true\" link=\"url:https%3A%2F%2Fbagesturisme.cat%2Fwp-content%2Fuploads%2F2022%2F03%2FBages_turisme-de-reunions_CAT_OK-1.pdf|target:_blank\"][\/vc_column][vc_column width=\"1\/3\u2033][vc_btn title=\"Segueix-nos!\" style=\"flat\" color=\"pink\" align=\"center\" i_align=\"right\" i_icon_fontawesome=\"fab fa-instagram\" css_animation=\"bottom-to-top\" css=\"\" add_icon=\"true\" link=\"url:http%3A%2F%2Finstagram.com%2Fbagesturisme|target:_blank\"][\/vc_column][vc_column width=\"1\/3\u2033][vc_btn title=\"Subscriu-te al butllet\u00ed!\" style=\"flat\" color=\"pink\" align=\"center\" i_icon_fontawesome=\"fas fa-envelope\" css_animation=\"bottom-to-top\" css=\"\" add_icon=\"true\" link=\"url:https%3A%2F%2Fmailchi.mp%2Fa59c34dec874%2Fnewsletter-bages-turisme\"][\/vc_column][vc_column][vc_separator][\/vc_column][\/vc_row][vc_row full_width=\"stretch_row_content\" css=\".vc_custom_1616763033326\"][vc_column][vc_column_text]<\/p>\n<h1 style=\"text-align: center;\">Tots els camins et porten al Bages<\/h1>\n<p>[\/vc_column_text][vc_row_inner][vc_column_inner][vc_single_image image=\"9557\u2033 img_size=\"full\" alignment=\"center\"][\/vc_column_inner][\/vc_row_inner][\/vc_column][\/vc_row][vc_row][vc_column][vc_gmaps link=\"#E-8_JTNDaWZyYW1lJTIwc3JjJTNEJTIyaHR0cHMlM0ElMkYlMkZ3d3cuZ29vZ2xlLmNvbSUyRm1hcHMlMkZkJTJGdSUyRjAlMkZlbWJlZCUzRm1pZCUzRDE2dE55QjBlVkZYX2dUS2RzY0t4SEVLU0tNNGd3STFoZSUyMiUyMHdpZHRoJTNEJTIyNjQwJTIyJTIwaGVpZ2h0JTNEJTIyNDgwJTIyJTNFJTNDJTJGaWZyYW1lJTNF\" title=\"El Bages\"][\/vc_column][\/vc_row][vc_row css=\".vc_custom_1675406677116\"][vc_column width=\"1\/2\u2033][vc_video link=\"https:\/\/www.youtube.com\/watch?v=ulKGDcQSGz4\u2033 css=\"\"][vc_column_text]<!-- \/wp:fl-builder\/layout -->[\/vc_column_text][\/vc_column][vc_column width=\"1\/2\u2033][vc_column_text css=\".vc_custom_1675333307273\"]<i><span style=\"font-weight: 400;\">A tocar de les principals ciutats de Catalunya, hi ha guardat un gran secret. Amb la cara nord de Montserrat com a protagonista, el Bages \u00e9s un joia rural amagada; un indret allunyat de les aglomeracions i desconegut per molts, que sorpr\u00e8n per la seva autenticitat i car\u00e0cter.\u00a0<\/span><\/i><\/p>\n<p><i><span style=\"font-weight: 400;\">Visitar aquest territori \u00e9s tamb\u00e9 trepitjar el terra d'un mar interior que va existir fa m\u00e9s de 40 milions d'anys i que va desapar\u00e8ixer amb l'aixecament dels Pirineus. Aquest antic mar declarat Geoparc Mundial UNESCO de la Catalunya Central ens ha deixat en her\u00e8ncia un ric patrimoni natural i geol\u00f2gic \u00fanic, que ha forjat paisatges de bosc i vinya incre\u00efbles, pobles on el temps s'hi atura, cultura, tradicions i una oferta enogastron\u00f2mica per seduir els sentits.\u00a0<\/span><\/i><\/p>\n<p><strong><em>El Bages, viu el plaer de descobrir-lo!<\/em><\/strong>[\/vc_column_text][\/vc_column][\/vc_row][vc_row][vc_column][vc_column_text][\/vc_column_text][\/vc_column][\/vc_row][vc_row][vc_column][vc_column_text]<\/p>\n<\/div><\/div><\/div><\/div><\/div>[\/vc_column_text][\/vc_column][\/vc_row]\r\n<!-- \/wp:freeform --><\/div>","protected":false},"excerpt":{"rendered":"<p>[vc_row][vc_column][vc_column_text][\/vc_column_text][\/vc_column][\/vc_row]<\/p>\n","protected":false},"author":3,"featured_media":15029,"parent":0,"menu_order":54,"comment_status":"closed","ping_status":"closed","template":"landing.php","meta":{"_acf_changed":false,"_eb_attr":"","footnotes":""},"tags":[],"class_list":["post-17568","page","type-page","status-publish","has-post-thumbnail","hentry"],"acf":[],"_links":{"self":[{"href":"https:\/\/www.bagesturisme.cat\/en\/wp-json\/wp\/v2\/pages\/17568","targetHints":{"allow":["GET"]}}],"collection":[{"href":"https:\/\/www.bagesturisme.cat\/en\/wp-json\/wp\/v2\/pages"}],"about":[{"href":"https:\/\/www.bagesturisme.cat\/en\/wp-json\/wp\/v2\/types\/page"}],"author":[{"embeddable":true,"href":"https:\/\/www.bagesturisme.cat\/en\/wp-json\/wp\/v2\/users\/3"}],"replies":[{"embeddable":true,"href":"https:\/\/www.bagesturisme.cat\/en\/wp-json\/wp\/v2\/comments?post=17568"}],"version-history":[{"count":7,"href":"https:\/\/www.bagesturisme.cat\/en\/wp-json\/wp\/v2\/pages\/17568\/revisions"}],"predecessor-version":[{"id":17575,"href":"https:\/\/www.bagesturisme.cat\/en\/wp-json\/wp\/v2\/pages\/17568\/revisions\/17575"}],"wp:featuredmedia":[{"embeddable":true,"href":"https:\/\/www.bagesturisme.cat\/en\/wp-json\/wp\/v2\/media\/15029"}],"wp:attachment":[{"href":"https:\/\/www.bagesturisme.cat\/en\/wp-json\/wp\/v2\/media?parent=17568"}],"wp:term":[{"taxonomy":"post_tag","embeddable":true,"href":"https:\/\/www.bagesturisme.cat\/en\/wp-json\/wp\/v2\/tags?post=17568"}],"curies":[{"name":"wp","href":"https:\/\/api.w.org\/{rel}","templated":true}]}}