{"id":13858,"date":"2024-02-06T11:39:35","date_gmt":"2024-02-06T10:39:35","guid":{"rendered":"https:\/\/bagesturisme.cat\/hivern-copy\/"},"modified":"2024-02-06T11:39:55","modified_gmt":"2024-02-06T10:39:55","slug":"hivern-copy","status":"publish","type":"page","link":"https:\/\/www.bagesturisme.cat\/en\/hivern-copy\/","title":{"rendered":"Hivern 2023"},"content":{"rendered":"<div class=\"wpb-content-wrapper\">[vc_row full_width=&#8221;stretch_row_content_no_spaces&#8221; full_height=&#8221;yes&#8221; equal_height=&#8221;yes&#8221; parallax=&#8221;content-moving-fade&#8221; parallax_image=&#8221;12543&#8243; css_animation=&#8221;fadeIn&#8221; css=&#8221;.vc_custom_1675688640160{padding-top: 0px !important;padding-bottom: 0px !important;background-color: #969696 !important;}&#8221;][vc_column video_bg=&#8221;yes&#8221; video_bg_url=&#8221;&#8221;][vc_column_text css_animation=&#8221;fadeInUp&#8221;]\n<h1 style=\"text-align: center\"><span style=\"color: #ffffff\">Escur\u00e7a l&#8217;hivern al Bages<\/span><\/h1>\n[\/vc_column_text][\/vc_column][\/vc_row][vc_row css=&#8221;.vc_custom_1675688928332{padding-right: 5px !important;padding-left: 10px !important;}&#8221;][vc_column][vc_column_text]\n<h2><\/h2>\n<h2 style=\"text-align: center\">Els allotjaments del Bages t&#8217;esperen amb la llar de foc encesa!<\/h2>\n[\/vc_column_text][\/vc_column][\/vc_row][vc_row css=&#8221;.vc_custom_1675688967773{padding-right: 0px !important;padding-left: 0px !important;}&#8221;][vc_column][vc_basic_grid post_type=&#8221;allotjament&#8221; max_items=&#8221;-1&#8243; style=&#8221;pagination&#8221; items_per_page=&#8221;4&#8243; element_width=&#8221;3&#8243; gap=&#8221;10&#8243; orderby=&#8221;rand&#8221; arrows_design=&#8221;vc_arrow-icon-arrow_06_left&#8221; arrows_color=&#8221;grey&#8221; loop=&#8221;yes&#8221; item=&#8221;mediaGrid_SlideInTitle&#8221; grid_id=&#8221;vc_gid:1677765120512-710b956e4a1f3642d2bfdc30fa403e0e-0&#8243; taxonomies=&#8221;91&#8243; exclude=&#8221;100, 96, 21, 60, 89, 123, 73, 101, 96, 17, 51, 97, 3703, 117, 87, 74, 26&#8243; paging_animation_in=&#8221;slideInRight&#8221;][\/vc_column][\/vc_row][vc_row][vc_column][vc_column_text]\n<p style=\"text-align: center\"><a href=\"https:\/\/bagesturisme.cat\/allotjament\/\" class=\"btn btn-primary btn-lg\">Queda&#8217;t a dormir al Bages!<\/a>\n<p>&nbsp;<\/p>\n<h2 style=\"text-align: center\">Aquest hivern et recomanem&#8230;<\/h2>\n[\/vc_column_text][\/vc_column][\/vc_row][vc_row css=&#8221;.vc_custom_1675689076817{padding-right: 5px !important;padding-left: 10px !important;}&#8221;][vc_column width=&#8221;1\/3&#8243;][vc_column_text]\n<p><img decoding=\"async\" class=\"lazyload alignnone wp-image-12596 size-medium\" src=\"https:\/\/bagesturisme.cat\/wp-content\/uploads\/2023\/03\/sequia-711x400.jpg\" data-orig-src=\"https:\/\/bagesturisme.cat\/wp-content\/uploads\/2023\/03\/sequia-711x400.jpg\" alt=\"\" width=\"711\" height=\"400\" srcset=\"data:image\/svg+xml,%3Csvg%20xmlns%3D%27http%3A%2F%2Fwww.w3.org%2F2000%2Fsvg%27%20width%3D%27711%27%20height%3D%27400%27%20viewBox%3D%270%200%20711%20400%27%3E%3Crect%20width%3D%27711%27%20height%3D%27400%27%20fill-opacity%3D%220%22%2F%3E%3C%2Fsvg%3E\" data-srcset=\"https:\/\/www.bagesturisme.cat\/wp-content\/uploads\/2023\/03\/sequia-711x400.jpg 711w, https:\/\/www.bagesturisme.cat\/wp-content\/uploads\/2023\/03\/sequia-768x432.jpg 768w, https:\/\/www.bagesturisme.cat\/wp-content\/uploads\/2023\/03\/sequia-1280x720.jpg 1280w, https:\/\/www.bagesturisme.cat\/wp-content\/uploads\/2023\/03\/sequia-1536x864.jpg 1536w, https:\/\/www.bagesturisme.cat\/wp-content\/uploads\/2023\/03\/sequia.jpg 1920w\" data-sizes=\"auto\" data-orig-sizes=\"(max-width: 711px) 100vw, 711px\" \/><\/p>\n<h4>LA TRANS\u00c9QUIA<\/h4>\n<p><em>5 de mar\u00e7<\/em><\/p>\n<p>Amb 25km de recorregut i nom\u00e9s 10m de desnivell, la Trans\u00e9quia \u00e9s un dels esdeveniments esportius de refer\u00e8ncia del Bages per la seva bellesa natural, hist\u00f2ria, accessibilitat i solidaritat.\u00a0Ressegueix a peu, corrent, amb btt o amb handbike el canal medieval de la S\u00e9quia, que constru\u00efren els manresans al segle XIV en un moment de forta sequera per a portar l\u2019aigua del riu Llobregat des de Balsareny fins a Manresa i descobreix una de les principals obres d\u2019enginyeria hidr\u00e0ulica de l\u2019\u00e8poca medieval. Aquest any aprofita la Trans\u00e9quia per visitar el Bages. A m\u00e9s, tindr\u00e0s un munt de descomptes i preus especials en allotjament i activitats exclusives per als participants.\u00a0<\/p>\n<p style=\"text-align: center\"><a href=\"https:\/\/transequia.cat\/tornem-aviat\/\" class=\"btn btn-primary btn-md\"> M\u00e9s info <\/a>\n[\/vc_column_text][vc_widget_sidebar][\/vc_column][vc_column width=&#8221;1\/3&#8243;][vc_column_text]<img decoding=\"async\" class=\"lazyload alignnone wp-image-12589 size-medium\" src=\"https:\/\/bagesturisme.cat\/wp-content\/uploads\/2023\/03\/52150632444_ebc762f1ac_k-600x400.jpg\" data-orig-src=\"https:\/\/bagesturisme.cat\/wp-content\/uploads\/2023\/03\/52150632444_ebc762f1ac_k-600x400.jpg\" alt=\"\" width=\"600\" height=\"400\" srcset=\"data:image\/svg+xml,%3Csvg%20xmlns%3D%27http%3A%2F%2Fwww.w3.org%2F2000%2Fsvg%27%20width%3D%27600%27%20height%3D%27400%27%20viewBox%3D%270%200%20600%20400%27%3E%3Crect%20width%3D%27600%27%20height%3D%27400%27%20fill-opacity%3D%220%22%2F%3E%3C%2Fsvg%3E\" data-srcset=\"https:\/\/www.bagesturisme.cat\/wp-content\/uploads\/2023\/03\/52150632444_ebc762f1ac_k-600x400.jpg 600w, https:\/\/www.bagesturisme.cat\/wp-content\/uploads\/2023\/03\/52150632444_ebc762f1ac_k-768x512.jpg 768w, https:\/\/www.bagesturisme.cat\/wp-content\/uploads\/2023\/03\/52150632444_ebc762f1ac_k-1280x853.jpg 1280w, https:\/\/www.bagesturisme.cat\/wp-content\/uploads\/2023\/03\/52150632444_ebc762f1ac_k-1536x1024.jpg 1536w, https:\/\/www.bagesturisme.cat\/wp-content\/uploads\/2023\/03\/52150632444_ebc762f1ac_k.jpg 2048w\" data-sizes=\"auto\" data-orig-sizes=\"(max-width: 600px) 100vw, 600px\" \/><\/p>\n<h3>JORNADES GASTRON\u00d2MIQUES DEL CAM\u00cd IGNASI\u00c0<\/h3>\n<p><em>11 i 12 de mar\u00e7<\/em><\/p>\n<p>Si t\u2019apassiona la gastronomia, tens una cita a Manresa durant el segon cap de setmana de mar\u00e7. A les Jornades Gastron\u00f2miques del Cam\u00ed Ignasi\u00e0 podr\u00e0s descobrir, tastar i comprar els productes agroalimentaris m\u00e9s representatius del Bages i de la Rioja, el territori ignasi\u00e0 convidat d\u2019aquest any, aix\u00ed com gaudir de tastos guiats i showcookings de cuina en directe.<\/p>\n<p style=\"text-align: center\"><a href=\"http:\/\/www.manresa2022.cat\/web\/menu\/15343-jornades-gastronomiques-del-cami-ignasia\" class=\"btn btn-primary btn-md\"> M\u00e9s info<\/a>\n[\/vc_column_text][vc_widget_sidebar][\/vc_column][vc_column width=&#8221;1\/3&#8243;][vc_column_text]<img decoding=\"async\" class=\"lazyload alignnone wp-image-11075 size-medium\" src=\"https:\/\/bagesturisme.cat\/wp-content\/uploads\/2022\/03\/IMG_0839-min-600x400.jpg\" data-orig-src=\"https:\/\/bagesturisme.cat\/wp-content\/uploads\/2022\/03\/IMG_0839-min-600x400.jpg\" alt=\"\" width=\"600\" height=\"400\" srcset=\"data:image\/svg+xml,%3Csvg%20xmlns%3D%27http%3A%2F%2Fwww.w3.org%2F2000%2Fsvg%27%20width%3D%27600%27%20height%3D%27400%27%20viewBox%3D%270%200%20600%20400%27%3E%3Crect%20width%3D%27600%27%20height%3D%27400%27%20fill-opacity%3D%220%22%2F%3E%3C%2Fsvg%3E\" data-srcset=\"https:\/\/www.bagesturisme.cat\/wp-content\/uploads\/2022\/03\/IMG_0839-min-600x400.jpg 600w, https:\/\/www.bagesturisme.cat\/wp-content\/uploads\/2022\/03\/IMG_0839-min-768x512.jpg 768w, https:\/\/www.bagesturisme.cat\/wp-content\/uploads\/2022\/03\/IMG_0839-min-1280x853.jpg 1280w, https:\/\/www.bagesturisme.cat\/wp-content\/uploads\/2022\/03\/IMG_0839-min-1536x1024.jpg 1536w, https:\/\/www.bagesturisme.cat\/wp-content\/uploads\/2022\/03\/IMG_0839-min-scaled.jpg 2560w\" data-sizes=\"auto\" data-orig-sizes=\"(max-width: 600px) 100vw, 600px\" \/><\/p>\n<h4>OPERACI\u00d3 PASQUA SANT BENET<\/h4>\n<p><em>De l&#8217;11 de mar\u00e7 al 10 d&#8217;abril<\/em><\/p>\n<p>Viu la Pasqua a M\u00f3n Sant Benet: busquem ous de colors i cuinem una deliciosa mona! Celebra l\u2019arribada de la primavera seguint les tradicions! Busca en fam\u00edlia els ous de pasqua de colors amagats als Jardins de la Casa de l\u2019Amo del monestir de Sant Benet de Bages. No ser\u00e0 f\u00e0cil, per\u00f2 et deixarem algunes pistes! Quan tinguis l\u2019ouera completa, podr\u00e0s endinsar-te a la cuina de la Fundaci\u00f3 Al\u00edcia per elaborar una deliciosa mona de pasqua. T\u2019explicarem tots els secrets perqu\u00e8 et quedi de primera!<\/p>\n<p style=\"text-align: center\"><a href=\"https:\/\/monsantbenet.com\/ca\/visites-i-activitats\/operacio-pasqua\/\" class=\"btn btn-primary btn-md\"> M\u00e9s info <\/a>\n[\/vc_column_text][\/vc_column][\/vc_row][vc_row css=&#8221;.vc_custom_1675689076817{padding-right: 5px !important;padding-left: 10px !important;}&#8221;][vc_column width=&#8221;1\/3&#8243;][vc_column_text]<img decoding=\"async\" class=\"lazyload alignnone wp-image-12535 size-medium\" src=\"https:\/\/bagesturisme.cat\/wp-content\/uploads\/2023\/02\/Camins-de-vi-davant-567x400.jpg\" data-orig-src=\"https:\/\/bagesturisme.cat\/wp-content\/uploads\/2023\/02\/Camins-de-vi-davant-567x400.jpg\" alt=\"\" width=\"567\" height=\"400\" srcset=\"data:image\/svg+xml,%3Csvg%20xmlns%3D%27http%3A%2F%2Fwww.w3.org%2F2000%2Fsvg%27%20width%3D%27567%27%20height%3D%27400%27%20viewBox%3D%270%200%20567%20400%27%3E%3Crect%20width%3D%27567%27%20height%3D%27400%27%20fill-opacity%3D%220%22%2F%3E%3C%2Fsvg%3E\" data-srcset=\"https:\/\/www.bagesturisme.cat\/wp-content\/uploads\/2023\/02\/Camins-de-vi-davant-567x400.jpg 567w, https:\/\/www.bagesturisme.cat\/wp-content\/uploads\/2023\/02\/Camins-de-vi-davant-768x542.jpg 768w, https:\/\/www.bagesturisme.cat\/wp-content\/uploads\/2023\/02\/Camins-de-vi-davant-1280x903.jpg 1280w, https:\/\/www.bagesturisme.cat\/wp-content\/uploads\/2023\/02\/Camins-de-vi-davant-1536x1084.jpg 1536w, https:\/\/www.bagesturisme.cat\/wp-content\/uploads\/2023\/02\/Camins-de-vi-davant.jpg 2478w\" data-sizes=\"auto\" data-orig-sizes=\"(max-width: 567px) 100vw, 567px\" \/><\/p>\n<h3>CAMINS DE VI<\/h3>\n<p>Si t&#8217;agrada sortir a c\u00f3rrer, t&#8217;animem a fer Camins de vi de la Ruta del vi DO Pla de Bages: 5 itineraris circulars a l&#8217;entorn dels cellers del Bages per explorar els paisatges de bosc i vinya de casa nostra i el seu patrimoni vin\u00edcola. Una manera saludable d\u2019apropar la hist\u00f2ria de la vinya i el vi als apassionats del running i estar en contacte amb la natura.<br \/>\nAh! i si vols sortir amb grup, cada mes els equips de trail running de la comarca ofereixen un guiatge gratu\u00eft pels Camins de vi fins al mes de juny! El proper ser\u00e0 a Mond-Obert al 4 de mar\u00e7.<\/p>\n<p style=\"text-align: center\"><a href=\"https:\/\/www.rutadelvidobages.cat\/camins-de-vi\/\" class=\"btn btn-primary btn-md\"> M\u00e9s info<\/a>\n[\/vc_column_text][\/vc_column][vc_column width=&#8221;1\/3&#8243;][vc_column_text]<img decoding=\"async\" class=\"lazyload alignnone wp-image-12591 size-full\" src=\"data:image\/svg+xml,%3Csvg%20xmlns%3D%27http%3A%2F%2Fwww.w3.org%2F2000%2Fsvg%27%20width%3D%27675%27%20height%3D%27351%27%20viewBox%3D%270%200%20675%20351%27%3E%3Crect%20width%3D%27675%27%20height%3D%27351%27%20fill-opacity%3D%220%22%2F%3E%3C%2Fsvg%3E\" data-orig-src=\"https:\/\/bagesturisme.cat\/wp-content\/uploads\/2023\/03\/NAVAS.jpg\" alt=\"\" width=\"675\" height=\"351\" \/><\/p>\n<h4>11A MOSTRA DE VINS DE NAV\u00c0S<\/h4>\n<p><em>Del 7 al 12 de mar\u00e7<\/em><br \/>\nUn any m\u00e9s, Nav\u00e0s torna a celebrar la ja tradicional festa del vi del municipi, amb una setmana plena d\u2019actes: tast de vins,\u00a0maridatges amb vins de Nav\u00e0s, mostra de vins, caminada popular, etc.<\/p>\n<p style=\"text-align: center\"><a href=\"https:\/\/www.navas.cat\/noticia\/11a-mostra-de-vins-de-navas\/\" class=\"btn btn-primary btn-md\"> M\u00e9s info <\/a>\n[\/vc_column_text][vc_widget_sidebar][\/vc_column][vc_column width=&#8221;1\/3&#8243;][vc_column_text]<img decoding=\"async\" class=\"lazyload alignnone wp-image-12592 size-medium\" src=\"https:\/\/bagesturisme.cat\/wp-content\/uploads\/2023\/03\/GASTRO-711x400.png\" data-orig-src=\"https:\/\/bagesturisme.cat\/wp-content\/uploads\/2023\/03\/GASTRO-711x400.png\" alt=\"\" width=\"711\" height=\"400\" srcset=\"data:image\/svg+xml,%3Csvg%20xmlns%3D%27http%3A%2F%2Fwww.w3.org%2F2000%2Fsvg%27%20width%3D%27711%27%20height%3D%27400%27%20viewBox%3D%270%200%20711%20400%27%3E%3Crect%20width%3D%27711%27%20height%3D%27400%27%20fill-opacity%3D%220%22%2F%3E%3C%2Fsvg%3E\" data-srcset=\"https:\/\/www.bagesturisme.cat\/wp-content\/uploads\/2023\/03\/GASTRO-711x400.png 711w, https:\/\/www.bagesturisme.cat\/wp-content\/uploads\/2023\/03\/GASTRO-768x432.png 768w, https:\/\/www.bagesturisme.cat\/wp-content\/uploads\/2023\/03\/GASTRO.png 1067w\" data-sizes=\"auto\" data-orig-sizes=\"(max-width: 711px) 100vw, 711px\" \/><\/p>\n<h2 class=\"null\">Activitats de temporada de la Ruta del vi<\/h2>\n<p>Aquest mes des de la Ruta del vi DO Pla de Bages\u00a0et recomanem dues activitats enotur\u00edstiques de temporada:<br \/>\n<strong>La m\u00e0gia del sotabosc a Abadal:\u00a0<\/strong>Un sopar maridatge per tastar les del\u00edcies d\u2019hivern amb t\u00f2fones del moian\u00e8s i vins Adabal.<br \/>\n<strong>Winefulness a les Ac\u00e0cies:\u00a0<\/strong>L&#8217;activitat comen\u00e7a a peu de vinya tot fent un recorregut pel celler m\u00e9s petit del m\u00f3n. Aprendrem les t\u00e8cniques del mindfulness aplicades al winefluness i acabarem amb el tast de 3 vins a la sala de tast del celler.<\/p>\n<p style=\"text-align: center\"><a href=\"https:\/\/www.rutadelvidobages.cat\/es-temporada-de\/\" class=\"btn btn-primary btn-md\"> M\u00e9s info <\/a>\n[\/vc_column_text][\/vc_column][\/vc_row][vc_row full_width=&#8221;stretch_row_content&#8221; css=&#8221;.vc_custom_1616763033326{padding-top: 30px !important;padding-right: 40px !important;padding-bottom: 30px !important;padding-left: 40px !important;background-color: #ffffff !important;}&#8221;][vc_column][vc_text_separator title=&#8221;PLANIFICA LA TEVA ESTADA&#8221;][\/vc_column][vc_column width=&#8221;1\/4&#8243;][vc_btn title=&#8221;Segueix-nos!&#8221; style=&#8221;flat&#8221; color=&#8221;pink&#8221; size=&#8221;lg&#8221; align=&#8221;center&#8221; i_icon_fontawesome=&#8221;fab fa-instagram&#8221; css_animation=&#8221;bottom-to-top&#8221; add_icon=&#8221;true&#8221; link=&#8221;url:http%3A%2F%2Finstagram.com%2Fbagesturisme|target:_blank&#8221;][\/vc_column][vc_column width=&#8221;1\/4&#8243;][vc_btn title=&#8221;RESTAURANTS&#8221; style=&#8221;flat&#8221; color=&#8221;violet&#8221; size=&#8221;lg&#8221; align=&#8221;center&#8221; i_icon_fontawesome=&#8221;fas fa-utensils&#8221; css_animation=&#8221;bottom-to-top&#8221; add_icon=&#8221;true&#8221; link=&#8221;url:http%3A%2F%2Fbagesturisme.cat%2Frestauracio|target:_blank&#8221;][\/vc_column][vc_column width=&#8221;1\/4&#8243;][vc_btn title=&#8221;ALLOTJAMENTS&#8221; style=&#8221;flat&#8221; color=&#8221;violet&#8221; size=&#8221;lg&#8221; align=&#8221;center&#8221; i_icon_fontawesome=&#8221;fas fa-hotel&#8221; css_animation=&#8221;bottom-to-top&#8221; add_icon=&#8221;true&#8221; link=&#8221;url:http%3A%2F%2Fbagesturisme.cat%2Fallotjament&#8221;][\/vc_column][vc_column width=&#8221;1\/4&#8243;][vc_btn title=&#8221;Subscriu-te al butllet\u00ed!&#8221; style=&#8221;flat&#8221; color=&#8221;pink&#8221; size=&#8221;lg&#8221; align=&#8221;center&#8221; i_icon_fontawesome=&#8221;fas fa-envelope&#8221; css_animation=&#8221;bottom-to-top&#8221; add_icon=&#8221;true&#8221; link=&#8221;url:https%3A%2F%2Fmailchi.mp%2Fa59c34dec874%2Fnewsletter-bages-turisme&#8221;][\/vc_column][\/vc_row][vc_row content_placement=&#8221;middle&#8221;][vc_column width=&#8221;1\/2&#8243;][vc_video link=&#8221;https:\/\/youtu.be\/iIo7USnbveg&#8221;][\/vc_column][vc_column width=&#8221;1\/2&#8243;][vc_column_text css=&#8221;.vc_custom_1675689094450{padding-right: 5px !important;padding-left: 10px !important;}&#8221;]\n<h2 style=\"text-align: center\"><strong>El Bages, viu el plaer de descobrir-lo!<\/strong><\/h2>\n<p><i><span style=\"font-weight: 400\">A tocar de les principals ciutats de Catalunya, hi ha guardat un gran secret. Amb la cara nord de Montserrat com a protagonista, el Bages \u00e9s un joia rural amagada; un indret allunyat de les aglomeracions i desconegut per molts, que sorpr\u00e8n per la seva autenticitat i car\u00e0cter.\u00a0<\/span><\/i><\/p>\n<p><i><span style=\"font-weight: 400\">Visitar aquest territori \u00e9s tamb\u00e9 trepitjar el terra d\u2019un mar interior que va existir fa m\u00e9s de 40 milions d\u2019anys i que va desapar\u00e8ixer amb l\u2019aixecament dels Pirineus. Aquest antic mar declarat Geoparc Mundial UNESCO de la Catalunya Central ens ha deixat en her\u00e8ncia un ric patrimoni natural i geol\u00f2gic \u00fanic, que ha forjat paisatges de bosc i vinya incre\u00efbles, pobles on el temps s\u2019hi atura, cultura, tradicions i una oferta enogastron\u00f2mica per seduir els sentits.\u00a0<\/span><\/i><\/p>\n<h5 style=\"text-align: center\"><strong>Aquesta hivern fuig de la rutina al Bages<\/strong><strong>!<\/strong><\/h5>\n[\/vc_column_text][\/vc_column][\/vc_row][vc_row full_width=&#8221;stretch_row_content&#8221; css=&#8221;.vc_custom_1616763033326{padding-top: 30px !important;padding-right: 40px !important;padding-bottom: 30px !important;padding-left: 40px !important;background-color: #ffffff !important;}&#8221;][vc_column][vc_column_text]\n<h1 style=\"text-align: center\">Tots els camins et porten al Bages<\/h1>\n[\/vc_column_text][vc_row_inner][vc_column_inner][vc_single_image image=&#8221;9557&#8243; img_size=&#8221;full&#8221; alignment=&#8221;center&#8221;][\/vc_column_inner][\/vc_row_inner][\/vc_column][\/vc_row][vc_row][vc_column][vc_gmaps link=&#8221;#E-8_JTNDaWZyYW1lJTIwc3JjJTNEJTIyaHR0cHMlM0ElMkYlMkZ3d3cuZ29vZ2xlLmNvbSUyRm1hcHMlMkZkJTJGdSUyRjAlMkZlbWJlZCUzRm1pZCUzRDE2dE55QjBlVkZYX2dUS2RzY0t4SEVLU0tNNGd3STFoZSUyMiUyMHdpZHRoJTNEJTIyNjQwJTIyJTIwaGVpZ2h0JTNEJTIyNDgwJTIyJTNFJTNDJTJGaWZyYW1lJTNF&#8221; title=&#8221;El Bages&#8221;][\/vc_column][\/vc_row]\n<\/div>","protected":false},"excerpt":{"rendered":"<p>[vc_row full_width=&#8221;stretch_row_content_no_spaces&#8221; full_height=&#8221;yes&#8221; equal_height=&#8221;yes&#8221; parallax=&#8221;content-moving-fade&#8221; parallax_image=&#8221;12543&#8243; css_animation=&#8221;fadeIn&#8221; css=&#8221;.vc_custom_1675688640160{padding-top: 0px !important;padding-bottom: 0px !important;background-color: #969696 !important;}&#8221;][vc_column video_bg=&#8221;yes&#8221; video_bg_url=&#8221;&#8221;][vc_column_text css_animation=&#8221;fadeInUp&#8221;]<\/p>\n","protected":false},"author":3,"featured_media":12543,"parent":0,"menu_order":61,"comment_status":"closed","ping_status":"closed","template":"landing.php","meta":{"_acf_changed":false,"_eb_attr":"","footnotes":""},"tags":[],"class_list":["post-13858","page","type-page","status-publish","has-post-thumbnail","hentry"],"acf":[],"_links":{"self":[{"href":"https:\/\/www.bagesturisme.cat\/en\/wp-json\/wp\/v2\/pages\/13858","targetHints":{"allow":["GET"]}}],"collection":[{"href":"https:\/\/www.bagesturisme.cat\/en\/wp-json\/wp\/v2\/pages"}],"about":[{"href":"https:\/\/www.bagesturisme.cat\/en\/wp-json\/wp\/v2\/types\/page"}],"author":[{"embeddable":true,"href":"https:\/\/www.bagesturisme.cat\/en\/wp-json\/wp\/v2\/users\/3"}],"replies":[{"embeddable":true,"href":"https:\/\/www.bagesturisme.cat\/en\/wp-json\/wp\/v2\/comments?post=13858"}],"version-history":[{"count":1,"href":"https:\/\/www.bagesturisme.cat\/en\/wp-json\/wp\/v2\/pages\/13858\/revisions"}],"predecessor-version":[{"id":13859,"href":"https:\/\/www.bagesturisme.cat\/en\/wp-json\/wp\/v2\/pages\/13858\/revisions\/13859"}],"wp:featuredmedia":[{"embeddable":true,"href":"https:\/\/www.bagesturisme.cat\/en\/wp-json\/wp\/v2\/media\/12543"}],"wp:attachment":[{"href":"https:\/\/www.bagesturisme.cat\/en\/wp-json\/wp\/v2\/media?parent=13858"}],"wp:term":[{"taxonomy":"post_tag","embeddable":true,"href":"https:\/\/www.bagesturisme.cat\/en\/wp-json\/wp\/v2\/tags?post=13858"}],"curies":[{"name":"wp","href":"https:\/\/api.w.org\/{rel}","templated":true}]}}