{"id":12121,"date":"2022-10-25T10:55:31","date_gmt":"2022-10-25T09:55:31","guid":{"rendered":"https:\/\/bagesturisme.cat\/?page_id=12121"},"modified":"2022-11-02T13:52:43","modified_gmt":"2022-11-02T12:52:43","slug":"10-anys-geoparc","status":"publish","type":"page","link":"https:\/\/www.bagesturisme.cat\/en\/10-anys-geoparc\/","title":{"rendered":"10 anys de Geoparc!"},"content":{"rendered":"<div class=\"wpb-content-wrapper\">\n[vc_row][vc_column][vc_column_text]\n<h1><strong>El Geoparc i Bages Turisme ofereixen un cicle d\u2019activitats gratu\u00eftes per celebrar els 10 anys del Geoparc Mundial UNESCO de la Catalunya Central<\/strong><\/h1>\n<p>&nbsp;<\/p>\n<p>Es far\u00e0 durant\u00a0<strong>tots els caps de setmana de novembre<\/strong>\u00a0i les activitats tindran com a espai de refer\u00e8ncia el nou centre de visitants del Geoparc a Sallent.<\/p>\n<ul>\n<li>5 de novembre: Caminada per la S\u00e9quia<\/li>\n<li>6 de novembre: Ruta guiada en BTT<\/li>\n<li>12 i 13 de novembre: Circuit d\u2019orientaci\u00f3 en familia<\/li>\n<li>13 de novembre: Taller de sals de colors i Conta contes \u201cGeoparc quina passada de temps\u201d<\/li>\n<li>19 de novembre: Visita de patrimoni \u201ccol\u00f2nia t\u00e8xtil Cal Berenguer de Cabrianes\u201d<\/li>\n<li>20 de novembre: Visita geotur\u00edstica \u201cla falla del guix\u201d i tast de vins de la Ruta del vi DO Bages<\/li>\n<li>26 de novembre: Visita de natura als aiguamolls de la Corbatera i tast de vins de la Ruta del vi DO Bages<\/li>\n<li>27 de novembre: Visita de mem\u00f2ria hist\u00f2rica al barri miner de la Botjosa<\/li>\n<\/ul>\n<p><a href=\"https:\/\/drive.google.com\/file\/d\/1n6jz8VupD-01xOdBA9NO_0CsfaIx2_4e\/view?usp=sharing\"><strong>DESCARREGA\u2019T EL PROGRAMA DETALLAT I INSCRIPCIONS<\/strong><\/a><\/p>\n<ul>\n<li>Obrir enlla\u00e7 del programa<\/li>\n<li>Inscriure\u2019s a trav\u00e9s dels botons d\u2019inscripci\u00f3 de cada activitat que consten en el PDF o a trav\u00e9s d\u2019aquest\u00a0<a href=\"https:\/\/bagesturisme.cat\/2022\/10\/novembre-2022-cicle-dactivitats-10-anys-del-geoparc\/\" target=\"_blank\" rel=\"noopener\">ENLLA\u00c7<\/a><\/li>\n<\/ul>\n<p>&nbsp;<\/p>\n<p><strong>M\u00c9S INFORMACI\u00d3<\/strong><\/p>\n<p><strong>Organitzadors:<\/strong> Geoparc Mundial UNESCO de la Catalunya Central i Bages Turisme, amb el suport de la Diputaci\u00f3 de Barcelona i la Generalitat de Catalunya.<\/p>\n<p><strong>Informaci\u00f3 pr\u00e0ctica:<\/strong><\/p>\n<ul>\n<li>Imprescindible inscriure\u2019s pr\u00e8viament a trav\u00e9s dels enlla\u00e7os que consten al programa.<\/li>\n<li>Molt important consultar l\u2019horari d\u2019inici i el punt de trobada de les activitats. Es demana arribar amb temps de marge.<\/li>\n<li><strong>Totes les activitats s\u00f3n gratu\u00eftes<\/strong>, en cas d\u2019inscriure\u2019s i finalment no poder assistir es demana que es contacti amb l\u2019organitzaci\u00f3 per tal de poder alliberar la pla\u00e7a per a altres possibles interessats (turisme@ccbages.cat)<\/li>\n<li>Si teniu inter\u00e8s en les activitats tur\u00edstiques que s\u2019ofereixen al Bages un recomaneu subscriure\u2019us al nostre\u00a0<a href=\"https:\/\/mailchi.mp\/a59c34dec874\/newsletter-bages-turisme\">butllet\u00ed tur\u00edstic<\/a>.<\/li>\n<\/ul>\n[\/vc_column_text][\/vc_column][\/vc_row][vc_row][vc_column][vc_btn title=&#8221;Inscriu-t&#8217;hi!&#8221; style=&#8221;flat&#8221; color=&#8221;violet&#8221; size=&#8221;lg&#8221; align=&#8221;center&#8221; button_block=&#8221;true&#8221; link=&#8221;url:https%3A%2F%2Fdrive.google.com%2Ffile%2Fd%2F1n6jz8VupD-01xOdBA9NO_0CsfaIx2_4e%2Fview|target:_blank&#8221;][\/vc_column][\/vc_row]\n\n<\/div>","protected":false},"excerpt":{"rendered":"<p>[vc_row][vc_column][vc_column_text] El Geoparc i Bages Turisme ofereixen un cicle d\u2019activitats gratu\u00eftes per celebrar els 10 anys del Geoparc Mundial UNESCO de la Catalunya Central &nbsp; Es far\u00e0 durant\u00a0tots els caps de setmana de novembre\u00a0i les activitats tindran com a espai de refer\u00e8ncia el nou centre de visitants del Geoparc a Sallent. 5 de novembre: Caminada  [&#8230;]<\/p>\n","protected":false},"author":3,"featured_media":12105,"parent":0,"menu_order":42,"comment_status":"closed","ping_status":"closed","template":"","meta":{"_acf_changed":false,"_eb_attr":"","footnotes":""},"tags":[],"class_list":["post-12121","page","type-page","status-publish","has-post-thumbnail","hentry"],"acf":[],"_links":{"self":[{"href":"https:\/\/www.bagesturisme.cat\/en\/wp-json\/wp\/v2\/pages\/12121","targetHints":{"allow":["GET"]}}],"collection":[{"href":"https:\/\/www.bagesturisme.cat\/en\/wp-json\/wp\/v2\/pages"}],"about":[{"href":"https:\/\/www.bagesturisme.cat\/en\/wp-json\/wp\/v2\/types\/page"}],"author":[{"embeddable":true,"href":"https:\/\/www.bagesturisme.cat\/en\/wp-json\/wp\/v2\/users\/3"}],"replies":[{"embeddable":true,"href":"https:\/\/www.bagesturisme.cat\/en\/wp-json\/wp\/v2\/comments?post=12121"}],"version-history":[{"count":7,"href":"https:\/\/www.bagesturisme.cat\/en\/wp-json\/wp\/v2\/pages\/12121\/revisions"}],"predecessor-version":[{"id":12147,"href":"https:\/\/www.bagesturisme.cat\/en\/wp-json\/wp\/v2\/pages\/12121\/revisions\/12147"}],"wp:featuredmedia":[{"embeddable":true,"href":"https:\/\/www.bagesturisme.cat\/en\/wp-json\/wp\/v2\/media\/12105"}],"wp:attachment":[{"href":"https:\/\/www.bagesturisme.cat\/en\/wp-json\/wp\/v2\/media?parent=12121"}],"wp:term":[{"taxonomy":"post_tag","embeddable":true,"href":"https:\/\/www.bagesturisme.cat\/en\/wp-json\/wp\/v2\/tags?post=12121"}],"curies":[{"name":"wp","href":"https:\/\/api.w.org\/{rel}","templated":true}]}}